{"id":1063,"date":"2013-09-25T21:55:18","date_gmt":"2013-09-25T19:55:18","guid":{"rendered":"https:\/\/www.waclawek.com\/?page_id=1063"},"modified":"2013-09-25T22:00:23","modified_gmt":"2013-09-25T20:00:23","slug":"druckerei-melk","status":"publish","type":"page","link":"https:\/\/www.waclawek.com\/?page_id=1063","title":{"rendered":"DRUCKEREI MELK"},"content":{"rendered":"<p><strong>Anschrift:<\/strong> Melk<\/p>\n<p><strong>Geb\u00e4udeart:<\/strong> Druckerei<\/p>\n<p><strong>Planung:<\/strong> Fritz Waclawek \/.1999<\/p>\n<p><strong>Konsulenten:<\/strong> Tragwerk: Wolfdietrich Ziesel<\/p>\n<p><strong>ALLGEMEIN:<\/strong> Geladener Wettbewerb. Auf der Basis eines vorgegebenen Raum\/Funktion- Programms wurde ein Entwurf ausgearbeitet, dessen Besonderheit die konstruktive L\u00f6sung der weitgehenden St\u00fctzenfreiheit der B\u00fcros und der Maschinenhalle ist: das Dach des Obergeschosses ist als Tragwerk ausgebildet, von dieser Konstruktion sind die darunter liegenden Decken abgeh\u00e4ngt. Durch modulare Ordnung ist sowohl der Bau als auch die Erweiterung einfach. Den B\u00fcros sind Terrassen vorgelagert, Gemeinschaftsbereiche sind zentral angeordnet, mit Oberlicht. S\u00e4mtliche R\u00e4ume im B\u00fcrobereich sind individuell trennbar\/erweiterbar, mit und ohne Sichtschutz, f\u00fcr Gruppen oder als Einzelarbeitspl\u00e4tze anpassbar. Den m\u00f6glichen alternativen Arbeitsabl\u00e4ufen bzw. k\u00fcnftigen Erweiterungen entsprechend sind Varianten von Maschinenaufstellungen und den daraus abgeleiteten Folgeinrichtungen dargestellt.<\/p>\n<p><strong>Energie:<\/strong> Solarstrategie: Verlustminimierend, bei Nutzung der Maschinenabw\u00e4rme f\u00fcr Heizung und Temperierung.<\/p>\n","protected":false},"excerpt":{"rendered":"<p>Anschrift: Melk Geb\u00e4udeart: Druckerei Planung: Fritz Waclawek \/.1999 Konsulenten: Tragwerk: Wolfdietrich Ziesel ALLGEMEIN: Geladener Wettbewerb. Auf der Basis eines vorgegebenen Raum\/Funktion- Programms wurde ein Entwurf ausgearbeitet, dessen Besonderheit die konstruktive L\u00f6sung der weitgehenden St\u00fctzenfreiheit der B\u00fcros und der Maschinenhalle ist: das Dach des Obergeschosses ist als Tragwerk ausgebildet, von dieser Konstruktion sind die darunter liegenden Decken abgeh\u00e4ngt. Durch modulare Ordnung ist sowohl der Bau als auch die Erweiterung einfach. Den B\u00fcros sind Terrassen vorgelagert, Gemeinschaftsbereiche sind zentral angeordnet, mit Oberlicht. S\u00e4mtliche R\u00e4ume im B\u00fcrobereich sind individuell trennbar\/erweiterbar, mit und ohne Sichtschutz, f\u00fcr Gruppen oder als Einzelarbeitspl\u00e4tze anpassbar. Den m\u00f6glichen alternativen Arbeitsabl\u00e4ufen bzw. k\u00fcnftigen Erweiterungen entsprechend sind Varianten von Maschinenaufstellungen und den daraus abgeleiteten Folgeinrichtungen dargestellt. Energie: Solarstrategie: Verlustminimierend, bei Nutzung der Maschinenabw\u00e4rme f\u00fcr Heizung und Temperierung.<\/p>\n","protected":false},"author":1,"featured_media":0,"parent":0,"menu_order":0,"comment_status":"open","ping_status":"open","template":"","meta":[],"_links":{"self":[{"href":"https:\/\/www.waclawek.com\/index.php?rest_route=\/wp\/v2\/pages\/1063"}],"collection":[{"href":"https:\/\/www.waclawek.com\/index.php?rest_route=\/wp\/v2\/pages"}],"about":[{"href":"https:\/\/www.waclawek.com\/index.php?rest_route=\/wp\/v2\/types\/page"}],"author":[{"embeddable":true,"href":"https:\/\/www.waclawek.com\/index.php?rest_route=\/wp\/v2\/users\/1"}],"replies":[{"embeddable":true,"href":"https:\/\/www.waclawek.com\/index.php?rest_route=%2Fwp%2Fv2%2Fcomments&post=1063"}],"version-history":[{"count":1,"href":"https:\/\/www.waclawek.com\/index.php?rest_route=\/wp\/v2\/pages\/1063\/revisions"}],"predecessor-version":[{"id":1064,"href":"https:\/\/www.waclawek.com\/index.php?rest_route=\/wp\/v2\/pages\/1063\/revisions\/1064"}],"wp:attachment":[{"href":"https:\/\/www.waclawek.com\/index.php?rest_route=%2Fwp%2Fv2%2Fmedia&parent=1063"}],"curies":[{"name":"wp","href":"https:\/\/api.w.org\/{rel}","templated":true}]}}