{"id":1080,"date":"2013-09-25T22:34:20","date_gmt":"2013-09-25T20:34:20","guid":{"rendered":"https:\/\/www.waclawek.com\/?page_id=1080"},"modified":"2013-09-25T22:36:11","modified_gmt":"2013-09-25T20:36:11","slug":"einfamilienhaus-familie-junker","status":"publish","type":"page","link":"https:\/\/www.waclawek.com\/?page_id=1080","title":{"rendered":"EINFAMILIENHAUS &#8211; FAMILIE JUNKER"},"content":{"rendered":"<p><strong>Planung und Bauleitung<\/strong>: Dipl.Ing. Fritz Waclawek<\/p>\n<p><strong>Ausf\u00fchrung<\/strong>: Baumeister Heinrich Schmidt, Kaltenleutgeben<\/p>\n<p><strong>Lage<\/strong>: S\u00fcdhang mit Baumbestand und bestehendem &#8222;altem sch\u00f6nem&#8220; Glashaus. Ausblick: nach S\u00fcden, beengte Platzverh\u00e4ltnisse.<\/p>\n<p><strong>Zugang<\/strong> \u00fcber den Glas-Verbindungsbau, der auch als Windfang dient.<\/p>\n<p><strong>Zufahrt<\/strong> direkt in die Garage, Zugang zum Haus \u00fcber den verglasten Gang = Windfang.<\/p>\n<p><strong>Grundst\u00fcck<\/strong> durch Teilung entstanden.<\/p>\n<p><strong>L\u00f6sung<\/strong>: Minimierung der Oberfl\u00e4chen. Speichermassen: Boden und W\u00e4nde, mit Aussend\u00e4mmung und hinterl\u00fcfteter Holzkonstruktion<\/p>\n<p><strong>Dach<\/strong> als Gr\u00fcndach, mit Nord-Oberlicht &#8211; auch als S\u00fcdkollektor.<\/p>\n<p><strong>Konstruktion<\/strong>: Schweres Speicher-Mauerwerk \/ selbstaussteifend, vorgefertigte Holzkonstruktionen f\u00fcr Zwischendecken und Dach S\u00fcdfassade voll verglast, mit vorgelagertem Dach und einem vorgelagerten Balkon, vor dem Gartengeschoss ist ein Wasserbecken.<\/p>\n<p><strong>R\u00e4umlich<\/strong> als Ein- oder Zweipersonen &#8211; Haushalt konzipiert. Grundsatz: Wohnen und Schlafen ist &#8222;\u00fcberall m\u00f6glich&#8220;, auch das Bad ist offen, als R\u00fcckzugsm\u00f6glichkeit sind Nischen-R\u00e4ume gebaut, die Innenw\u00e4nde haben Oberlichten, f\u00fcr Durchblicke und Ausblicke.<\/p>\n<p><strong>Fenster<\/strong> sind Lage &#8211; gr\u00f6ssen &#8211; und h\u00f6henm\u00e4ssig &#8222;frei&#8220; &#8211; also unterschiedlich ausgef\u00fchrt.<\/p>\n<p><strong>Zug\u00e4nge <\/strong>\u00fcber den Windfang, von der Garage und vom Weg zum Glashaus, f\u00fcr Personen, aber auch f\u00fcr Hunde und Katzen begehbar.<\/p>\n<p><strong>Energie<\/strong>: &#8222;Niedrigenergiehaus&#8220;, &#8211; Verlustminimierend &#8211; mit dem Sonnenfenster nach S\u00fcden mit Bodenheizung, die Bodenplatte wirkt als Speicher, \u00fcber den Kollektor wird die Bodenheizung temperiert.<\/p>\n<p><strong>Kosten<\/strong>: 3 Mio Schilling.<\/p>\n<p><strong>Fl\u00e4chen<\/strong>:<br \/>\nGrundst\u00fcck: 1400 m\u00b2<br \/>\nWohnfl\u00e4che: 190 m\u00b2<br \/>\nbebaute Fl\u00e4che: 235 + 50 m\u00b2<br \/>\nAbstellfl\u00e4che: 35 m\u00b2<\/p>\n","protected":false},"excerpt":{"rendered":"<p>Planung und Bauleitung: Dipl.Ing. Fritz Waclawek Ausf\u00fchrung: Baumeister Heinrich Schmidt, Kaltenleutgeben Lage: S\u00fcdhang mit Baumbestand und bestehendem &#8222;altem sch\u00f6nem&#8220; Glashaus. Ausblick: nach S\u00fcden, beengte Platzverh\u00e4ltnisse. Zugang \u00fcber den Glas-Verbindungsbau, der auch als Windfang dient. Zufahrt direkt in die Garage, Zugang zum Haus \u00fcber den verglasten Gang = Windfang. Grundst\u00fcck durch Teilung entstanden. L\u00f6sung: Minimierung der Oberfl\u00e4chen. Speichermassen: Boden und W\u00e4nde, mit Aussend\u00e4mmung und hinterl\u00fcfteter Holzkonstruktion Dach als Gr\u00fcndach, mit Nord-Oberlicht &#8211; auch als S\u00fcdkollektor. Konstruktion: Schweres Speicher-Mauerwerk \/ selbstaussteifend, vorgefertigte Holzkonstruktionen f\u00fcr Zwischendecken und Dach S\u00fcdfassade voll verglast, mit vorgelagertem Dach und einem vorgelagerten Balkon, vor dem Gartengeschoss ist ein Wasserbecken. R\u00e4umlich als Ein- oder Zweipersonen &#8211; Haushalt konzipiert. Grundsatz: Wohnen und Schlafen ist &#8222;\u00fcberall m\u00f6glich&#8220;, auch das Bad ist offen, als R\u00fcckzugsm\u00f6glichkeit sind Nischen-R\u00e4ume gebaut, die Innenw\u00e4nde haben Oberlichten, f\u00fcr Durchblicke und Ausblicke. Fenster sind Lage &#8211; gr\u00f6ssen &#8211; und h\u00f6henm\u00e4ssig &#8222;frei&#8220; &#8211; also unterschiedlich ausgef\u00fchrt. Zug\u00e4nge \u00fcber den Windfang, von der Garage und vom Weg zum Glashaus, f\u00fcr Personen, aber auch f\u00fcr Hunde und Katzen begehbar. Energie: &#8222;Niedrigenergiehaus&#8220;, &#8211; Verlustminimierend &#8211; mit dem Sonnenfenster nach S\u00fcden mit Bodenheizung, die Bodenplatte wirkt als Speicher, \u00fcber den Kollektor wird die Bodenheizung temperiert. Kosten: 3 Mio Schilling. Fl\u00e4chen: Grundst\u00fcck: 1400 m\u00b2 Wohnfl\u00e4che: 190 m\u00b2 bebaute Fl\u00e4che: 235 + 50 m\u00b2 Abstellfl\u00e4che: 35 m\u00b2<\/p>\n","protected":false},"author":1,"featured_media":0,"parent":0,"menu_order":0,"comment_status":"open","ping_status":"open","template":"","meta":[],"_links":{"self":[{"href":"https:\/\/www.waclawek.com\/index.php?rest_route=\/wp\/v2\/pages\/1080"}],"collection":[{"href":"https:\/\/www.waclawek.com\/index.php?rest_route=\/wp\/v2\/pages"}],"about":[{"href":"https:\/\/www.waclawek.com\/index.php?rest_route=\/wp\/v2\/types\/page"}],"author":[{"embeddable":true,"href":"https:\/\/www.waclawek.com\/index.php?rest_route=\/wp\/v2\/users\/1"}],"replies":[{"embeddable":true,"href":"https:\/\/www.waclawek.com\/index.php?rest_route=%2Fwp%2Fv2%2Fcomments&post=1080"}],"version-history":[{"count":4,"href":"https:\/\/www.waclawek.com\/index.php?rest_route=\/wp\/v2\/pages\/1080\/revisions"}],"predecessor-version":[{"id":1084,"href":"https:\/\/www.waclawek.com\/index.php?rest_route=\/wp\/v2\/pages\/1080\/revisions\/1084"}],"wp:attachment":[{"href":"https:\/\/www.waclawek.com\/index.php?rest_route=%2Fwp%2Fv2%2Fmedia&parent=1080"}],"curies":[{"name":"wp","href":"https:\/\/api.w.org\/{rel}","templated":true}]}}