{"id":1154,"date":"2013-09-26T09:58:47","date_gmt":"2013-09-26T07:58:47","guid":{"rendered":"https:\/\/www.waclawek.com\/?page_id=1154"},"modified":"2013-09-26T10:01:16","modified_gmt":"2013-09-26T08:01:16","slug":"haus-andergasse-dr-christina-und-dr-michael-leutner","status":"publish","type":"page","link":"https:\/\/www.waclawek.com\/?page_id=1154","title":{"rendered":"HAUS ANDERGASSE &#8211; DR. CHRISTINA UND DR. MICHAEL LEUTNER"},"content":{"rendered":"<p><strong>Anschrift:<\/strong> 1170 Wien, Andergasse 42\/R\u00f6ntgengasse<\/p>\n<p><strong>Geb\u00e4udeart:<\/strong> Einfamilienhaus<\/p>\n<p><strong>Fertigstellung:<\/strong> 1992<\/p>\n<p><strong>Planung:<\/strong> Dipl.Ing. F. Waclawek<\/p>\n<p><strong>Konsulenten:<\/strong> Tragwerk: ZI f. Bauwesen Dip.Ing. Anton Harrer, Krems &#8211; Eglsee<\/p>\n<p><strong>Bauleitung:<\/strong> Dipl.Ing. F. Waclawek<\/p>\n<p><strong>Ausf\u00fchrende:<\/strong> Baumeister Heinrich Schmidt, Kaltenleutgeben<\/p>\n<p><strong>Kosten:<\/strong> 2 Mio. Schilling \/ 145.000 EUR<\/p>\n<p><strong>Fl\u00e4chen:<\/strong><br \/>\nGrundst\u00fcck: 617 m\u00b2<br \/>\nbebaute Fl\u00e4che: 125 m\u00b2<\/p>\n<p><strong>Widmung:<\/strong> Bauklasse 1 offen, max. 7,50 m Bauh\u00f6he.<\/p>\n<p><strong>Baugrund:<\/strong> Eckbaugrund, mit S\u00fcdorientierung, Hanglage.<\/p>\n<p><strong>Geb\u00e4udebeschreibung:<\/strong> Die Form wird &#8211; auch &#8211; von den Fluchtlinien bedingt &#8211; der Bauk\u00f6rper n\u00fctzt die m\u00f6gliche bebaubare Fl\u00e4che aus, \u00f6ffnet sich zur Morgen &#8211; und Abensonnne mit grossen, zweigeschossigen kreisf\u00f6rmigen Verglasungen, und gegen S\u00fcden mit Glasw\u00e4nden.<br \/>\n<em>Zugang:<\/em> \u00fcber das Untergeschoss, von der Strasse, mit: Windfang &#8211; Garage &#8211; Nebenr\u00e4umen. dar\u00fcber das &#8222;Wohngeschoss&#8220;, dar\u00fcber die Schlaf und Kinderzimmer, dar\u00fcber die begehbare Terrasse.<br \/>\n<em>Zufahrt:<\/em> direkt in die Garage, im Bereich des Gartensausganges und vor der Terrasse ist ein kreisrundes Schwimmbecken in den Hang gebaut.<\/p>\n<p><strong>Geb\u00e4udedaten:<\/strong> Wohnfl\u00e4che: 150 m\u00b2<\/p>\n<p><strong>Bauteile:<\/strong> W\u00e4nde aus Ziegeln, mit Aussend\u00e4mmung. Flachdach, begehbar. Sonnenschutz \/ Beschattung: durch das begr\u00fcnte, weit vorspringende Vordach.<\/p>\n<p><strong>Energie:<\/strong> Die S\u00fcd &#8211; Glasfront l\u00e4sst die Wintersonne tief in das Haus eindringen, die Steinb\u00f6den und W\u00e4nde wirken als Speicher. Oberfl\u00e4chenoptimierung: durch die Geb\u00e4udeform. Standard lt Bauordnung: Niedrigenergiehaus. Bodenheizung, und Hypokauste.<\/p>\n","protected":false},"excerpt":{"rendered":"<p>Anschrift: 1170 Wien, Andergasse 42\/R\u00f6ntgengasse Geb\u00e4udeart: Einfamilienhaus Fertigstellung: 1992 Planung: Dipl.Ing. F. Waclawek Konsulenten: Tragwerk: ZI f. Bauwesen Dip.Ing. Anton Harrer, Krems &#8211; Eglsee Bauleitung: Dipl.Ing. F. Waclawek Ausf\u00fchrende: Baumeister Heinrich Schmidt, Kaltenleutgeben Kosten: 2 Mio. Schilling \/ 145.000 EUR Fl\u00e4chen: Grundst\u00fcck: 617 m\u00b2 bebaute Fl\u00e4che: 125 m\u00b2 Widmung: Bauklasse 1 offen, max. 7,50 m Bauh\u00f6he. Baugrund: Eckbaugrund, mit S\u00fcdorientierung, Hanglage. Geb\u00e4udebeschreibung: Die Form wird &#8211; auch &#8211; von den Fluchtlinien bedingt &#8211; der Bauk\u00f6rper n\u00fctzt die m\u00f6gliche bebaubare Fl\u00e4che aus, \u00f6ffnet sich zur Morgen &#8211; und Abensonnne mit grossen, zweigeschossigen kreisf\u00f6rmigen Verglasungen, und gegen S\u00fcden mit Glasw\u00e4nden. Zugang: \u00fcber das Untergeschoss, von der Strasse, mit: Windfang &#8211; Garage &#8211; Nebenr\u00e4umen. dar\u00fcber das &#8222;Wohngeschoss&#8220;, dar\u00fcber die Schlaf und Kinderzimmer, dar\u00fcber die begehbare Terrasse. Zufahrt: direkt in die Garage, im Bereich des Gartensausganges und vor der Terrasse ist ein kreisrundes Schwimmbecken in den Hang gebaut. Geb\u00e4udedaten: Wohnfl\u00e4che: 150 m\u00b2 Bauteile: W\u00e4nde aus Ziegeln, mit Aussend\u00e4mmung. Flachdach, begehbar. Sonnenschutz \/ Beschattung: durch das begr\u00fcnte, weit vorspringende Vordach. Energie: Die S\u00fcd &#8211; Glasfront l\u00e4sst die Wintersonne tief in das Haus eindringen, die Steinb\u00f6den und W\u00e4nde wirken als Speicher. Oberfl\u00e4chenoptimierung: durch die Geb\u00e4udeform. Standard lt Bauordnung: Niedrigenergiehaus. Bodenheizung, und Hypokauste.<\/p>\n","protected":false},"author":1,"featured_media":0,"parent":0,"menu_order":0,"comment_status":"open","ping_status":"open","template":"","meta":[],"_links":{"self":[{"href":"https:\/\/www.waclawek.com\/index.php?rest_route=\/wp\/v2\/pages\/1154"}],"collection":[{"href":"https:\/\/www.waclawek.com\/index.php?rest_route=\/wp\/v2\/pages"}],"about":[{"href":"https:\/\/www.waclawek.com\/index.php?rest_route=\/wp\/v2\/types\/page"}],"author":[{"embeddable":true,"href":"https:\/\/www.waclawek.com\/index.php?rest_route=\/wp\/v2\/users\/1"}],"replies":[{"embeddable":true,"href":"https:\/\/www.waclawek.com\/index.php?rest_route=%2Fwp%2Fv2%2Fcomments&post=1154"}],"version-history":[{"count":1,"href":"https:\/\/www.waclawek.com\/index.php?rest_route=\/wp\/v2\/pages\/1154\/revisions"}],"predecessor-version":[{"id":1155,"href":"https:\/\/www.waclawek.com\/index.php?rest_route=\/wp\/v2\/pages\/1154\/revisions\/1155"}],"wp:attachment":[{"href":"https:\/\/www.waclawek.com\/index.php?rest_route=%2Fwp%2Fv2%2Fmedia&parent=1154"}],"curies":[{"name":"wp","href":"https:\/\/api.w.org\/{rel}","templated":true}]}}