{"id":1184,"date":"2013-09-26T11:29:14","date_gmt":"2013-09-26T09:29:14","guid":{"rendered":"https:\/\/www.waclawek.com\/?page_id=1184"},"modified":"2013-09-26T11:29:14","modified_gmt":"2013-09-26T09:29:14","slug":"einfamilienhaus-schweitzertalstrasse","status":"publish","type":"page","link":"https:\/\/www.waclawek.com\/?page_id=1184","title":{"rendered":"EINFAMILIENHAUS SCHWEITZERTALSTRASSE"},"content":{"rendered":"<p><strong>Familie Giuliani<\/strong><\/p>\n<p>Auf einem Fahnengrundst\u00fcck sollte eine maximale Bebauung realisiert werden.<br \/>\nVorgeschlagen wurde ein Haus mit einem Nebengeb\u00e4ude.<br \/>\nDie Dachform erm\u00f6glicht den sonst nicht gestatteten Gewinn eines Geschosses durch gekreuzte Satteld\u00e4cher.<br \/>\nAn das Hauptgeb\u00e4ude schlie\u00dft ein nach der Wiener Bauordnung nicht zur Bebauung z\u00e4hlendes Nebengeb\u00e4ude an &#8211; das Musikzimmer; die Freifl\u00e4chen sind wie die R\u00e4ume gegliedert und durch S\u00e4ulen r\u00e4umlich begrenzt.<br \/>\nAuf diese Weise soll die gesamte Breit des Grundst\u00fcckes \u201eauf die Innenr\u00e4ume bezogen werden\u201c.<br \/>\nRundlinge sind als St\u00fctzen und Tr\u00e4ger sowohl im Geb\u00e4udeinneren als auch im Freien verwendet.<br \/>\nIm Obergeschoss\/Dach sind R\u00e4ume eingebaut, deren W\u00e4nde T\u00fcrhoch und dar\u00fcber verglast sind: Das Dach ist als Ganzes und als Konstruktion sichtbar.<\/p>\n","protected":false},"excerpt":{"rendered":"<p>Familie Giuliani Auf einem Fahnengrundst\u00fcck sollte eine maximale Bebauung realisiert werden. Vorgeschlagen wurde ein Haus mit einem Nebengeb\u00e4ude. Die Dachform erm\u00f6glicht den sonst nicht gestatteten Gewinn eines Geschosses durch gekreuzte Satteld\u00e4cher. An das Hauptgeb\u00e4ude schlie\u00dft ein nach der Wiener Bauordnung nicht zur Bebauung z\u00e4hlendes Nebengeb\u00e4ude an &#8211; das Musikzimmer; die Freifl\u00e4chen sind wie die R\u00e4ume gegliedert und durch S\u00e4ulen r\u00e4umlich begrenzt. Auf diese Weise soll die gesamte Breit des Grundst\u00fcckes \u201eauf die Innenr\u00e4ume bezogen werden\u201c. Rundlinge sind als St\u00fctzen und Tr\u00e4ger sowohl im Geb\u00e4udeinneren als auch im Freien verwendet. Im Obergeschoss\/Dach sind R\u00e4ume eingebaut, deren W\u00e4nde T\u00fcrhoch und dar\u00fcber verglast sind: Das Dach ist als Ganzes und als Konstruktion sichtbar.<\/p>\n","protected":false},"author":1,"featured_media":0,"parent":0,"menu_order":0,"comment_status":"open","ping_status":"open","template":"","meta":[],"_links":{"self":[{"href":"https:\/\/www.waclawek.com\/index.php?rest_route=\/wp\/v2\/pages\/1184"}],"collection":[{"href":"https:\/\/www.waclawek.com\/index.php?rest_route=\/wp\/v2\/pages"}],"about":[{"href":"https:\/\/www.waclawek.com\/index.php?rest_route=\/wp\/v2\/types\/page"}],"author":[{"embeddable":true,"href":"https:\/\/www.waclawek.com\/index.php?rest_route=\/wp\/v2\/users\/1"}],"replies":[{"embeddable":true,"href":"https:\/\/www.waclawek.com\/index.php?rest_route=%2Fwp%2Fv2%2Fcomments&post=1184"}],"version-history":[{"count":1,"href":"https:\/\/www.waclawek.com\/index.php?rest_route=\/wp\/v2\/pages\/1184\/revisions"}],"predecessor-version":[{"id":1185,"href":"https:\/\/www.waclawek.com\/index.php?rest_route=\/wp\/v2\/pages\/1184\/revisions\/1185"}],"wp:attachment":[{"href":"https:\/\/www.waclawek.com\/index.php?rest_route=%2Fwp%2Fv2%2Fmedia&parent=1184"}],"curies":[{"name":"wp","href":"https:\/\/api.w.org\/{rel}","templated":true}]}}