{"id":1226,"date":"2013-09-26T12:32:18","date_gmt":"2013-09-26T10:32:18","guid":{"rendered":"https:\/\/www.waclawek.com\/?page_id=1226"},"modified":"2013-11-19T10:28:36","modified_gmt":"2013-11-19T08:28:36","slug":"haus-am-tulbinger-kogel-familie-dr-maria-und-peter-glueck","status":"publish","type":"page","link":"https:\/\/www.waclawek.com\/?page_id=1226","title":{"rendered":"HAUS AM TULBINGER KOGEL &#8211; FAMILIE DR. MARIA UND PETER GL\u00dcCK"},"content":{"rendered":"<p><strong>Anschrift:<\/strong> Tulbinger Kogel, Groissaugasse<\/p>\n<p><strong>Geb\u00e4udeart:<\/strong> Einfamilienhaus<\/p>\n<p><strong>Fertigstellung:<\/strong> 1972<\/p>\n<p><strong>Planung:<\/strong> Fritz Waclawek<\/p>\n<p><strong>Bauleitung:<\/strong> Fritz Waclawek<\/p>\n<p><strong>Fl\u00e4chen:<\/strong><br \/>\nRaster 112,5 \/ 112,5<br \/>\nGrundst\u00fcck 2000 m\u00b2<br \/>\nWohnfl\u00e4che 240 m\u00b2 \/ in einem Niveau &#8211; bei unterschiedlicher Geschossh\u00f6he 165 m\u00b2<br \/>\nbebaute Fl\u00e4che 180 m\u00b2<\/p>\n<p><strong>Politik:<\/strong> Genehmigung erst nach Intervention, wegen des Flachdaches.<\/p>\n<p><strong>H\u00f6henlage:<\/strong> Am S\u00fcdhang des Tulbinger Kogels.<\/p>\n<p><strong>Baugrund:<\/strong> S\u00fcdorientierung des Hanges und der Geb\u00e4udeachse \/ des &#8222;Wohnraumes&#8220;.<br \/>\nAusblick: von allen R\u00e4umen ins Tal.<\/p>\n<p><strong>Geb\u00e4udebeschreibung:<\/strong> Zugang: Von der Strasse \u00fcber den Windfang.<br \/>\nZugang: Vom Garten \u00fcber den Windfang, die Schleuse.<br \/>\nZugang: Vom Garten zum zweigeschossigen Kaminraum.<br \/>\nZufahrt: Direkt in die Garage &#8211; unter 45\u00b0- und Zugang zum Windfang.<br \/>\nL\u00f6sungstyp: Symmetrisch, mit eineinhalb- und zweigeschossigen Bereichen.<br \/>\nR\u00e4umlich: als Grossraum, mit Pendelst\u00fctzen und Scheiben konzipiert.<br \/>\nFlexibilit\u00e4t: ausser den tragenden massiven Scheiben sind alle Einbauten flexibel.<br \/>\nWegef\u00fchrung: hangauf &#8211; oder hangab: das Haus liegt im Gel\u00e4nde, die Niveaus im Inneren folgen dem Gel\u00e4nde.<\/p>\n<p><strong>Materialien &#8211; Konstruktion:<\/strong> Tragende und speichernde Vollziegel &#8211; &#8222;Scheiben&#8220;, dazwischen Holzausfachungen, Dachkonstruktion als r\u00e4umliches Fachwerk \u00fcber dem Raster \/ mit dem Programm IBM &#8211; Stress &#8211; berechnet. 4 St\u00fctzenpaare tragen zur St\u00fctzweitenverringerung bei. Vord\u00e4cher nach S\u00fcden, Norden, Osten und Westen sch\u00fctzen die Verglasungen, Sonnenschutz auch durch Jalousien.<br \/>\nDach: isoliert und ged\u00e4mmt, mit direkt auf die Holzkonstruktion ortgesch\u00e4umter W\u00e4rmed\u00e4mmung, und dadurch Entfall s\u00e4mtlicher Spengler und Schwarzdeckerarbeiten<br \/>\nFenster und Oberlichten: Lage so, dass vielf\u00e4ltige Ausblicke m\u00f6glich sind.<br \/>\nB\u00f6den: als Holzb\u00f6den, nur in den Feuchtr\u00e4umen keramisches Material.<\/p>\n<p><strong>Energie:<\/strong> Solarstrategie: S\u00fcdfenster, Speichermasse durch Wandscheiben. Bodenheizung.<\/p>\n","protected":false},"excerpt":{"rendered":"<p>Anschrift: Tulbinger Kogel, Groissaugasse Geb\u00e4udeart: Einfamilienhaus Fertigstellung: 1972 Planung: Fritz Waclawek Bauleitung: Fritz Waclawek Fl\u00e4chen: Raster 112,5 \/ 112,5 Grundst\u00fcck 2000 m\u00b2 Wohnfl\u00e4che 240 m\u00b2 \/ in einem Niveau &#8211; bei unterschiedlicher Geschossh\u00f6he 165 m\u00b2 bebaute Fl\u00e4che 180 m\u00b2 Politik: Genehmigung erst nach Intervention, wegen des Flachdaches. H\u00f6henlage: Am S\u00fcdhang des Tulbinger Kogels. Baugrund: S\u00fcdorientierung des Hanges und der Geb\u00e4udeachse \/ des &#8222;Wohnraumes&#8220;. Ausblick: von allen R\u00e4umen ins Tal. Geb\u00e4udebeschreibung: Zugang: Von der Strasse \u00fcber den Windfang. Zugang: Vom Garten \u00fcber den Windfang, die Schleuse. Zugang: Vom Garten zum zweigeschossigen Kaminraum. Zufahrt: Direkt in die Garage &#8211; unter 45\u00b0- und Zugang zum Windfang. L\u00f6sungstyp: Symmetrisch, mit eineinhalb- und zweigeschossigen Bereichen. R\u00e4umlich: als Grossraum, mit Pendelst\u00fctzen und Scheiben konzipiert. Flexibilit\u00e4t: ausser den tragenden massiven Scheiben sind alle Einbauten flexibel. Wegef\u00fchrung: hangauf &#8211; oder hangab: das Haus liegt im Gel\u00e4nde, die Niveaus im Inneren folgen dem Gel\u00e4nde. Materialien &#8211; Konstruktion: Tragende und speichernde Vollziegel &#8211; &#8222;Scheiben&#8220;, dazwischen Holzausfachungen, Dachkonstruktion als r\u00e4umliches Fachwerk \u00fcber dem Raster \/ mit dem Programm IBM &#8211; Stress &#8211; berechnet. 4 St\u00fctzenpaare tragen zur St\u00fctzweitenverringerung bei. Vord\u00e4cher nach S\u00fcden, Norden, Osten und Westen sch\u00fctzen die Verglasungen, Sonnenschutz auch durch Jalousien. Dach: isoliert und ged\u00e4mmt, mit direkt auf die Holzkonstruktion ortgesch\u00e4umter W\u00e4rmed\u00e4mmung, und dadurch Entfall s\u00e4mtlicher Spengler und Schwarzdeckerarbeiten Fenster und Oberlichten: Lage so, dass vielf\u00e4ltige Ausblicke m\u00f6glich sind. B\u00f6den: als Holzb\u00f6den, nur in den Feuchtr\u00e4umen keramisches Material. Energie: Solarstrategie: S\u00fcdfenster, Speichermasse durch Wandscheiben. Bodenheizung.<\/p>\n","protected":false},"author":1,"featured_media":0,"parent":0,"menu_order":0,"comment_status":"open","ping_status":"open","template":"","meta":[],"_links":{"self":[{"href":"https:\/\/www.waclawek.com\/index.php?rest_route=\/wp\/v2\/pages\/1226"}],"collection":[{"href":"https:\/\/www.waclawek.com\/index.php?rest_route=\/wp\/v2\/pages"}],"about":[{"href":"https:\/\/www.waclawek.com\/index.php?rest_route=\/wp\/v2\/types\/page"}],"author":[{"embeddable":true,"href":"https:\/\/www.waclawek.com\/index.php?rest_route=\/wp\/v2\/users\/1"}],"replies":[{"embeddable":true,"href":"https:\/\/www.waclawek.com\/index.php?rest_route=%2Fwp%2Fv2%2Fcomments&post=1226"}],"version-history":[{"count":1,"href":"https:\/\/www.waclawek.com\/index.php?rest_route=\/wp\/v2\/pages\/1226\/revisions"}],"predecessor-version":[{"id":1227,"href":"https:\/\/www.waclawek.com\/index.php?rest_route=\/wp\/v2\/pages\/1226\/revisions\/1227"}],"wp:attachment":[{"href":"https:\/\/www.waclawek.com\/index.php?rest_route=%2Fwp%2Fv2%2Fmedia&parent=1226"}],"curies":[{"name":"wp","href":"https:\/\/api.w.org\/{rel}","templated":true}]}}