{"id":1229,"date":"2013-09-26T12:37:44","date_gmt":"2013-09-26T10:37:44","guid":{"rendered":"https:\/\/www.waclawek.com\/?page_id=1229"},"modified":"2013-09-26T12:38:31","modified_gmt":"2013-09-26T10:38:31","slug":"einfamilienhaus-familie-durstberger","status":"publish","type":"page","link":"https:\/\/www.waclawek.com\/?page_id=1229","title":{"rendered":"EINFAMILIENHAUS &#8211; FAMILIE DURSTBERGER"},"content":{"rendered":"<p><strong>Anschrift:<\/strong> Pameth, bei Maria Anzbach \/ bei Neulengbach in Nieder\u00f6sterreich.<\/p>\n<p><strong>Geb\u00e4udeart:<\/strong> Einfamilienhaus, im Landwirtschaftlichen Gebiet.<\/p>\n<p><strong>Aufgabenstellung:<\/strong> Einfamilien &#8211; Einraumhaus, mit einem R\u00fcckzugsbereich, und der M\u00f6glichkeit, viele R\u00e4ume auch getrennt nutzen zu k\u00f6nnen.<\/p>\n<p><strong>Fertigstellung:<\/strong> 1972<\/p>\n<p><strong>Planung:<\/strong> Dipl.Ing. F. Waclawek<\/p>\n<p><strong>Bauleitung:<\/strong> Dipl.Ing. F. Waclawek<\/p>\n<p><strong>Ausf\u00fchrende:<\/strong> Baumeister Ambros, Neulengbach, Zimmerei aus Herrnstein.<\/p>\n<p><strong>Kosten:<\/strong> 600 000.- Schilling.<\/p>\n<p><strong>Fl\u00e4chen:<\/strong> Lage im Landwirtschaftlichen Gebiet, Wohnfl\u00e4che: 130 m\u00b2<\/p>\n<p><strong>Politik:<\/strong> Sondergenehmigung durch die N\u00d6 LReg.<\/p>\n<p><strong>H\u00f6henlage:<\/strong> am Berghang \u00fcber Pameth &#8211; Anzenreith.<\/p>\n<p><strong>Baugrund:<\/strong> freie Lage, von Feldern umgeben, und altem Baumbestand.<br \/>\nZugang: \u00fcber den Glas-Verbindungsbau, der auch als Windfang dient, zum Haupthaus und dem Zubau. Das Saunageb\u00e4ude ist freistehend.<br \/>\nAusblick: besonders sch\u00f6n von der Solitude. St\u00f6rzonen wurden durch die Lagefestlegung des Hauses vermieden.<\/p>\n<p><strong>Geb\u00e4udebeschreibung:<\/strong> Orientierung: nach allen Himmelsrichtungen.<br \/>\nL\u00f6sungstyp: Einraumhaus. mit Schiebew\u00e4nden.<br \/>\nbei intensiv &#8211; Nutzung, zB bei Sportveranstaltungen usw stehen bis zu 11 getrennte R\u00e4ume zur Verf\u00fcgung! im Haus 8, in der Solitude zwei, die Sauna kann ebenfalls als Schlafraum verwendet werden! Der Bauplatz wurde eingeebnet, so, dass ein &#8222;Bezirk&#8220; entstand, ausgestattet mit einer Sitzmulde, gegliedert durch Planzenbeete, &#8230;<\/p>\n<p><strong>Materialien:<\/strong> zweischaliges hinterl\u00fcftetes Klinker &#8211; Ziegelmauerwerk, Holzdachstuhl, &#8211; Richtungslos, Vord\u00e4cher aus Holz, mit Bepflanzung, alle H\u00f6lzer tiefblau lasiert, Das Dach stark orange-farben.<\/p>\n<p><strong>Bauteile:<\/strong> Aussen-W\u00e4nd. massiv, das Dach aus Holzkonstruktionen, mit direkt auf die Holzkonstruktion ortgesch\u00e4umter W\u00e4rmed\u00e4mmung, und dadurch Entfall s\u00e4mtlicher Spengler und Schwarzdeckerarbeiten, Beschattung durch Pergolen mit Bewuchs<\/p>\n<p><strong>Energie:<\/strong> Standard lt Bauordnung<\/p>\n","protected":false},"excerpt":{"rendered":"<p>Anschrift: Pameth, bei Maria Anzbach \/ bei Neulengbach in Nieder\u00f6sterreich. Geb\u00e4udeart: Einfamilienhaus, im Landwirtschaftlichen Gebiet. Aufgabenstellung: Einfamilien &#8211; Einraumhaus, mit einem R\u00fcckzugsbereich, und der M\u00f6glichkeit, viele R\u00e4ume auch getrennt nutzen zu k\u00f6nnen. Fertigstellung: 1972 Planung: Dipl.Ing. F. Waclawek Bauleitung: Dipl.Ing. F. Waclawek Ausf\u00fchrende: Baumeister Ambros, Neulengbach, Zimmerei aus Herrnstein. Kosten: 600 000.- Schilling. Fl\u00e4chen: Lage im Landwirtschaftlichen Gebiet, Wohnfl\u00e4che: 130 m\u00b2 Politik: Sondergenehmigung durch die N\u00d6 LReg. H\u00f6henlage: am Berghang \u00fcber Pameth &#8211; Anzenreith. Baugrund: freie Lage, von Feldern umgeben, und altem Baumbestand. Zugang: \u00fcber den Glas-Verbindungsbau, der auch als Windfang dient, zum Haupthaus und dem Zubau. Das Saunageb\u00e4ude ist freistehend. Ausblick: besonders sch\u00f6n von der Solitude. St\u00f6rzonen wurden durch die Lagefestlegung des Hauses vermieden. Geb\u00e4udebeschreibung: Orientierung: nach allen Himmelsrichtungen. L\u00f6sungstyp: Einraumhaus. mit Schiebew\u00e4nden. bei intensiv &#8211; Nutzung, zB bei Sportveranstaltungen usw stehen bis zu 11 getrennte R\u00e4ume zur Verf\u00fcgung! im Haus 8, in der Solitude zwei, die Sauna kann ebenfalls als Schlafraum verwendet werden! Der Bauplatz wurde eingeebnet, so, dass ein &#8222;Bezirk&#8220; entstand, ausgestattet mit einer Sitzmulde, gegliedert durch Planzenbeete, &#8230; Materialien: zweischaliges hinterl\u00fcftetes Klinker &#8211; Ziegelmauerwerk, Holzdachstuhl, &#8211; Richtungslos, Vord\u00e4cher aus Holz, mit Bepflanzung, alle H\u00f6lzer tiefblau lasiert, Das Dach stark orange-farben. Bauteile: Aussen-W\u00e4nd. massiv, das Dach aus Holzkonstruktionen, mit direkt auf die Holzkonstruktion ortgesch\u00e4umter W\u00e4rmed\u00e4mmung, und dadurch Entfall s\u00e4mtlicher Spengler und Schwarzdeckerarbeiten, Beschattung durch Pergolen mit Bewuchs Energie: Standard lt Bauordnung<\/p>\n","protected":false},"author":1,"featured_media":0,"parent":0,"menu_order":0,"comment_status":"open","ping_status":"open","template":"","meta":[],"_links":{"self":[{"href":"https:\/\/www.waclawek.com\/index.php?rest_route=\/wp\/v2\/pages\/1229"}],"collection":[{"href":"https:\/\/www.waclawek.com\/index.php?rest_route=\/wp\/v2\/pages"}],"about":[{"href":"https:\/\/www.waclawek.com\/index.php?rest_route=\/wp\/v2\/types\/page"}],"author":[{"embeddable":true,"href":"https:\/\/www.waclawek.com\/index.php?rest_route=\/wp\/v2\/users\/1"}],"replies":[{"embeddable":true,"href":"https:\/\/www.waclawek.com\/index.php?rest_route=%2Fwp%2Fv2%2Fcomments&post=1229"}],"version-history":[{"count":2,"href":"https:\/\/www.waclawek.com\/index.php?rest_route=\/wp\/v2\/pages\/1229\/revisions"}],"predecessor-version":[{"id":1231,"href":"https:\/\/www.waclawek.com\/index.php?rest_route=\/wp\/v2\/pages\/1229\/revisions\/1231"}],"wp:attachment":[{"href":"https:\/\/www.waclawek.com\/index.php?rest_route=%2Fwp%2Fv2%2Fmedia&parent=1229"}],"curies":[{"name":"wp","href":"https:\/\/api.w.org\/{rel}","templated":true}]}}