{"id":133,"date":"2013-09-11T01:10:00","date_gmt":"2013-09-10T23:10:00","guid":{"rendered":"https:\/\/www.waclawek.com\/?page_id=133"},"modified":"2013-09-27T16:02:09","modified_gmt":"2013-09-27T14:02:09","slug":"architektur","status":"publish","type":"page","link":"https:\/\/www.waclawek.com\/?page_id=133","title":{"rendered":"Architektur"},"content":{"rendered":"<h1>ARCHITEKTUR<\/h1>\n<ul>\n<li>Entwurf, Einreich- und Ausf\u00fchrungsplanung<\/li>\n<li>Wohnbau mit baubiologischen und \u00f6kologischen Schwerpunkten<\/li>\n<li>Niedrigenergie- und Passivenergieh\u00e4user<\/li>\n<li>B\u00fcro-, Gesch\u00e4fts-, Gewerbe-, Industriebau<\/li>\n<li>Dachgescho\u00dfausbau (mit bauphysikalischer Optimierung)<\/li>\n<li>Renovierung und Revitalisierung historischer Geb\u00e4ude<\/li>\n<li>Analyse der Bausubstanz, Putze, Farben, &#8230;<\/li>\n<li>Erhebung und Dokumentation der Planungs- und Bauphasen<\/li>\n<li>Bau- und haustechnische Optimierung<\/li>\n<li>Denkmalschutz<\/li>\n<\/ul>\n<p>&nbsp;<\/p>\n<h2><span style=\"text-decoration: underline;\">Generalplanung:<\/span><\/h2>\n<ul>\n<li>Architektur<\/li>\n<li>Bauphysik und Raumakustik<\/li>\n<li>Geb\u00e4udetechnik<\/li>\n<li>Projektentwicklung<\/li>\n<li>Statik und Kostruktionsplanung<\/li>\n<li>Dokumentation, Auswertung, Kennziffern<\/li>\n<\/ul>\n","protected":false},"excerpt":{"rendered":"<p>ARCHITEKTUR Entwurf, Einreich- und Ausf\u00fchrungsplanung Wohnbau mit baubiologischen und \u00f6kologischen Schwerpunkten Niedrigenergie- und Passivenergieh\u00e4user B\u00fcro-, Gesch\u00e4fts-, Gewerbe-, Industriebau Dachgescho\u00dfausbau (mit bauphysikalischer Optimierung) Renovierung und Revitalisierung historischer Geb\u00e4ude Analyse der Bausubstanz, Putze, Farben, &#8230; Erhebung und Dokumentation der Planungs- und Bauphasen Bau- und haustechnische Optimierung Denkmalschutz &nbsp; Generalplanung: Architektur Bauphysik und Raumakustik Geb\u00e4udetechnik Projektentwicklung Statik und Kostruktionsplanung Dokumentation, Auswertung, Kennziffern<\/p>\n","protected":false},"author":1,"featured_media":0,"parent":0,"menu_order":0,"comment_status":"open","ping_status":"open","template":"","meta":[],"_links":{"self":[{"href":"https:\/\/www.waclawek.com\/index.php?rest_route=\/wp\/v2\/pages\/133"}],"collection":[{"href":"https:\/\/www.waclawek.com\/index.php?rest_route=\/wp\/v2\/pages"}],"about":[{"href":"https:\/\/www.waclawek.com\/index.php?rest_route=\/wp\/v2\/types\/page"}],"author":[{"embeddable":true,"href":"https:\/\/www.waclawek.com\/index.php?rest_route=\/wp\/v2\/users\/1"}],"replies":[{"embeddable":true,"href":"https:\/\/www.waclawek.com\/index.php?rest_route=%2Fwp%2Fv2%2Fcomments&post=133"}],"version-history":[{"count":2,"href":"https:\/\/www.waclawek.com\/index.php?rest_route=\/wp\/v2\/pages\/133\/revisions"}],"predecessor-version":[{"id":731,"href":"https:\/\/www.waclawek.com\/index.php?rest_route=\/wp\/v2\/pages\/133\/revisions\/731"}],"wp:attachment":[{"href":"https:\/\/www.waclawek.com\/index.php?rest_route=%2Fwp%2Fv2%2Fmedia&parent=133"}],"curies":[{"name":"wp","href":"https:\/\/api.w.org\/{rel}","templated":true}]}}