{"id":137,"date":"2013-09-11T01:10:48","date_gmt":"2013-09-10T23:10:48","guid":{"rendered":"https:\/\/www.waclawek.com\/?page_id=137"},"modified":"2013-10-11T09:33:58","modified_gmt":"2013-10-11T07:33:58","slug":"oertliche-bauaufsicht","status":"publish","type":"page","link":"https:\/\/www.waclawek.com\/?page_id=137","title":{"rendered":"\u00f6rtliche Bauaufsicht"},"content":{"rendered":"<ul>\n<li>Kostensch\u00e4tzung nach DIN 276 und \u00d6Norm B1801-1<\/li>\n<li>Termin- und Kostenplanung<\/li>\n<li>Kostenermittlungsgrundlagen: Leistungsverzeichnisse<\/li>\n<li>Vertr\u00e4ge f\u00fcr Planungs- und Bauleistungen<\/li>\n<li>Angebotsausschreibung, Angebotspr\u00fcfung, Vergabe<\/li>\n<li>\u00d6rtliche Bauaufsicht<\/li>\n<li>Technische und gesch\u00e4ftliche Oberleitung<\/li>\n<li>Bauschadensabwicklung<\/li>\n<li>Kosten- und Terminverfolgung<\/li>\n<li>Projektabrechnung und -auswertung<\/li>\n<li>\u00dcbernahme der Gewerke und Geb\u00e4ude<\/li>\n<\/ul>\n","protected":false},"excerpt":{"rendered":"<p>Kostensch\u00e4tzung nach DIN 276 und \u00d6Norm B1801-1 Termin- und Kostenplanung Kostenermittlungsgrundlagen: Leistungsverzeichnisse Vertr\u00e4ge f\u00fcr Planungs- und Bauleistungen Angebotsausschreibung, Angebotspr\u00fcfung, Vergabe \u00d6rtliche Bauaufsicht Technische und gesch\u00e4ftliche Oberleitung Bauschadensabwicklung Kosten- und Terminverfolgung Projektabrechnung und -auswertung \u00dcbernahme der Gewerke und Geb\u00e4ude<\/p>\n","protected":false},"author":1,"featured_media":0,"parent":0,"menu_order":0,"comment_status":"open","ping_status":"open","template":"","meta":[],"_links":{"self":[{"href":"https:\/\/www.waclawek.com\/index.php?rest_route=\/wp\/v2\/pages\/137"}],"collection":[{"href":"https:\/\/www.waclawek.com\/index.php?rest_route=\/wp\/v2\/pages"}],"about":[{"href":"https:\/\/www.waclawek.com\/index.php?rest_route=\/wp\/v2\/types\/page"}],"author":[{"embeddable":true,"href":"https:\/\/www.waclawek.com\/index.php?rest_route=\/wp\/v2\/users\/1"}],"replies":[{"embeddable":true,"href":"https:\/\/www.waclawek.com\/index.php?rest_route=%2Fwp%2Fv2%2Fcomments&post=137"}],"version-history":[{"count":2,"href":"https:\/\/www.waclawek.com\/index.php?rest_route=\/wp\/v2\/pages\/137\/revisions"}],"predecessor-version":[{"id":885,"href":"https:\/\/www.waclawek.com\/index.php?rest_route=\/wp\/v2\/pages\/137\/revisions\/885"}],"wp:attachment":[{"href":"https:\/\/www.waclawek.com\/index.php?rest_route=%2Fwp%2Fv2%2Fmedia&parent=137"}],"curies":[{"name":"wp","href":"https:\/\/api.w.org\/{rel}","templated":true}]}}