{"id":1413,"date":"2013-10-05T22:30:27","date_gmt":"2013-10-05T20:30:27","guid":{"rendered":"https:\/\/www.waclawek.com\/?page_id=1413"},"modified":"2013-10-21T18:37:22","modified_gmt":"2013-10-21T16:37:22","slug":"wohl","status":"publish","type":"page","link":"https:\/\/www.waclawek.com\/?page_id=1413","title":{"rendered":"PASSIVHAUS MIT IN DER THERMISCHEN H\u00dcLLE INTEGRIERTEM SCHWIMMBAD"},"content":{"rendered":"<p><strong>Anschrift:<\/strong> Wien 1220, Alte Donau<\/p>\n<p><strong>Geb\u00e4udeart:<\/strong> Einfamilienhaus, mit in der thermischen Hu\u0308lle integriertem Schwimmbad<\/p>\n<p><strong>Aufgabenstellung:<\/strong> Passivhaus, nach PHPP<\/p>\n<p><strong>Fertigstellung:<\/strong> 2009<\/p>\n<p><strong>Planung:<\/strong> Fritz Waclawek<\/p>\n<p><strong>Konsulenten:<\/strong> Tragwerk: Bu\u0308ro Harrer, Bauphysik: Dr. T. Zelger, IBO, Energie: GMI<\/p>\n<p><strong>Fl\u00e4chen:<\/strong><br \/>\n<strong>Grundstu\u0308ck:<\/strong> ca. 400 M2<br \/>\n<strong>Wohnfl\u00e4che:<\/strong> ca. 165 M2<br \/>\n<strong>bebaute Fl\u00e4che<\/strong>: ca. 119 M2<\/p>\n<p><strong>Widmung:<\/strong> Bauklasse I * 7,5m<\/p>\n<p><strong>Baugrund:<\/strong> Himmelsrichtung der Hauptfront ist SSO, Vegetation \/ Baumbestand wurde weitgehend erhalten<\/p>\n<p><strong>Zugang:<\/strong> u\u0308ber den Verbindungsbau, der auch als Windfang dient<\/p>\n<p><strong>Geb\u00e4udebeschreibung:<\/strong> L\u00f6sungstyp Einraum-Wohnen mit Bereichsgliederung, Trennung durch W\u00e4nde H= 2,13m, mit Glasoberlichten in allen Bereichen, Flexibilit\u00e4t durch mobile Zwischenw\u00e4nde, Badebereich mit Stiege \/ Schleuse vom Wohnen getrennt<\/p>\n<p><strong>Konstruktion<\/strong>: Materialien Stahl-Beton<\/p>\n<p><strong>Bauteile:<\/strong><br \/>\n<strong>Wand<\/strong> 18 cm Stahlbeton<br \/>\n<strong>Au\u00dfend\u00e4mmung<\/strong> 40 cm \/ 32 cm<br \/>\n<strong>Dach D\u00e4mmung<\/strong> 45 cm<\/p>\n<p><strong>Energie:<\/strong> Solarstrategie, gewinnmaximierend Oberfl\u00e4chenoptimierung<br \/>\nHeizw\u00e4rmebedarf &#8211; Einstufung: 10 KWh\/m2\/a nach PHPP-Berechnung<br \/>\nStandard lt. Bauordnung: Passivhaus<br \/>\nW\u00e4rmespeicherung \/ Fl\u00e4chen fu\u0308r Solarenergie-Gewinnne<\/p>\n","protected":false},"excerpt":{"rendered":"<p>Anschrift: Wien 1220, Alte Donau Geb\u00e4udeart: Einfamilienhaus, mit in der thermischen Hu\u0308lle integriertem Schwimmbad Aufgabenstellung: Passivhaus, nach PHPP Fertigstellung: 2009 Planung: Fritz Waclawek Konsulenten: Tragwerk: Bu\u0308ro Harrer, Bauphysik: Dr. T. Zelger, IBO, Energie: GMI Fl\u00e4chen: Grundstu\u0308ck: ca. 400 M2 Wohnfl\u00e4che: ca. 165 M2 bebaute Fl\u00e4che: ca. 119 M2 Widmung: Bauklasse I * 7,5m Baugrund: Himmelsrichtung der Hauptfront ist SSO, Vegetation \/ Baumbestand wurde weitgehend erhalten Zugang: u\u0308ber den Verbindungsbau, der auch als Windfang dient Geb\u00e4udebeschreibung: L\u00f6sungstyp Einraum-Wohnen mit Bereichsgliederung, Trennung durch W\u00e4nde H= 2,13m, mit Glasoberlichten in allen Bereichen, Flexibilit\u00e4t durch mobile Zwischenw\u00e4nde, Badebereich mit Stiege \/ Schleuse vom Wohnen getrennt Konstruktion: Materialien Stahl-Beton Bauteile: Wand 18 cm Stahlbeton Au\u00dfend\u00e4mmung 40 cm \/ 32 cm Dach D\u00e4mmung 45 cm Energie: Solarstrategie, gewinnmaximierend Oberfl\u00e4chenoptimierung Heizw\u00e4rmebedarf &#8211; Einstufung: 10 KWh\/m2\/a nach PHPP-Berechnung Standard lt. Bauordnung: Passivhaus W\u00e4rmespeicherung \/ Fl\u00e4chen fu\u0308r Solarenergie-Gewinnne<\/p>\n","protected":false},"author":1,"featured_media":0,"parent":0,"menu_order":0,"comment_status":"closed","ping_status":"open","template":"","meta":[],"_links":{"self":[{"href":"https:\/\/www.waclawek.com\/index.php?rest_route=\/wp\/v2\/pages\/1413"}],"collection":[{"href":"https:\/\/www.waclawek.com\/index.php?rest_route=\/wp\/v2\/pages"}],"about":[{"href":"https:\/\/www.waclawek.com\/index.php?rest_route=\/wp\/v2\/types\/page"}],"author":[{"embeddable":true,"href":"https:\/\/www.waclawek.com\/index.php?rest_route=\/wp\/v2\/users\/1"}],"replies":[{"embeddable":true,"href":"https:\/\/www.waclawek.com\/index.php?rest_route=%2Fwp%2Fv2%2Fcomments&post=1413"}],"version-history":[{"count":12,"href":"https:\/\/www.waclawek.com\/index.php?rest_route=\/wp\/v2\/pages\/1413\/revisions"}],"predecessor-version":[{"id":1545,"href":"https:\/\/www.waclawek.com\/index.php?rest_route=\/wp\/v2\/pages\/1413\/revisions\/1545"}],"wp:attachment":[{"href":"https:\/\/www.waclawek.com\/index.php?rest_route=%2Fwp%2Fv2%2Fmedia&parent=1413"}],"curies":[{"name":"wp","href":"https:\/\/api.w.org\/{rel}","templated":true}]}}