{"id":149,"date":"2013-09-11T01:16:30","date_gmt":"2013-09-10T23:16:30","guid":{"rendered":"https:\/\/www.waclawek.com\/?page_id=149"},"modified":"2013-09-18T18:34:10","modified_gmt":"2013-09-18T16:34:10","slug":"jurytaetigkeit","status":"publish","type":"page","link":"https:\/\/www.waclawek.com\/?page_id=149","title":{"rendered":"Juryt\u00e4tigkeit"},"content":{"rendered":"<blockquote class=\"left\"><p>Juror &#8222;Wienerberger&#8220;, 1989 und 1990<\/p><\/blockquote>\n<p>Auslober Wienerberger Baustoffindustrie.B\u00fcro, Einkaufs- und Hotelgeb\u00e4ude mit ca. 60.000 qm Nutzfl\u00e4che am S\u00fcdhang des &#8222;Wienerberges&#8220;<\/p>\n<p>&nbsp;<\/p>\n<blockquote class=\"left\"><p>Vorsitzender der Jury &#8222;Zwei st\u00e4dtische \u00d6koh\u00e4user&#8220;<\/p><\/blockquote>\n<p>des Auslobers: Chorherr &amp; Reiter, \u00d6kologische Bauprojekte,der &#8222;\u00d6sterreichischen Gr\u00fcnen, mit dem Ziel, musterg\u00fcltige st\u00e4dtische &#8220; \u00f6kologische &#8222;Niedrigenergie &#8211; Wohnbauten zu errichten. (inzwischen in Planung)<\/p>\n<blockquote class=\"left\"><p>Vorsitzender der Jury &#8222;Wohnbebauung Eisenerz&#8220;, 1989<\/p><\/blockquote>\n<p>ca. 100 Wohnungen, einem Partizipationsmodell, in der Steiermark. Amt der steierm\u00e4rkischen Landesregierung.<\/p>\n<p>&nbsp;<\/p>\n<blockquote class=\"left\"><p>Wettbewerbsjuror im Wettbewerb: Chancen f\u00fcr den Donauraum Wien, 1986 bis 1988<\/p><\/blockquote>\n<p>Auftraggeber Stadt Wien.Das Verfahren war ein zweistufiges Gro\u00dfverfahren mit Wettbewerb, Expertengutachten, B\u00fcrgervotum, Studentenwettbewerb. Vorsitzender der Gesamtjury: T. Sieverts,<br \/>\nVorsitzender Teil A, Donauraum Wien: F. Waclawek,<br \/>\nVorsitzender Teil B, Stromlandschaft: O. Uhl,<br \/>\nVorsitzender Teil C, Staustufe: H. Czech \/ G.Peichl<\/p>\n<blockquote class=\"left\"><p>Wettbewerbsjuror in Linz, 1996<\/p><\/blockquote>\n<p>Senioren-Wohn- und Pflegeheim Sombartstrasse Auftraggeber Magistrat der Stadt Linz.<\/p>\n<p>&nbsp;<\/p>\n<blockquote class=\"left\"><p>Wettbewerbsjuror beim St\u00e4dtebaulichen und Bauk\u00fcnstlerischen Ideen &#8211; Wettbewerb Kommunales Wohnbauvorhaben 1230 Wien, R\u00f6sslergasse,<\/p><\/blockquote>\n<p>Vorsitzender der Jury, 110 Projekte, 1998.Auftraggeber Stadt Wien.<\/p>\n<p>&nbsp;<\/p>\n<p>&nbsp;<\/p>\n<p>&nbsp;<\/p>\n<p>&nbsp;<\/p>\n<p>&nbsp;<\/p>\n<blockquote class=\"left\"><p>Wettbewerbsjurorbeim St\u00e4dtebaulichen Ideen &#8211; Wettbewerb WIEN &#8211; S\u00dc\u00dfENBRUNN<\/p><\/blockquote>\n<p>einem angestrebten Beitrag zur \u00d6KOLOGISCHEN STADTENTWICKLUNG;&#8220; einem Modell &#8211; Planungsverfahren im Rahmen der Stadterweiterung, gemeinsam mit den B\u00fcrgern &#8222;,als Einleitung eines &#8220; komplexen prozesshaften Planungsverfahrens &#8222;mit Spielr\u00e4umen an &#8220; nicht gesichert gewidmeten Fl\u00e4chen&#8220;,Vorsitzender G Peichl: ca.Auftraggeber Stadt Wien.2 500 Wohneinheiten , 60 ha. Nutzfl\u00e4che.<\/p>\n<p>&nbsp;<\/p>\n<blockquote class=\"left\"><p>Wettbewerbsjuror beim Passivhaus Wettbewerb der Firma Isorast<\/p><\/blockquote>\n<p>offener Wettbewerb im deutschsprachigen Raum,f\u00fcr Architekten und Architekturstudenten,<\/p>\n<p>&nbsp;<\/p>\n<blockquote class=\"left\"><p>WettbewerbsjurorVorsitzender beim Wettbewerb der Stadt Wien, 1998<\/p><\/blockquote>\n<p>Ideenkonkurrenz St\u00e4dtisches Wohnbauvorhaben 12; Korbergasse<\/p>\n<p>&nbsp;<\/p>\n<p>&nbsp;<\/p>\n<p>&nbsp;<\/p>\n<blockquote class=\"left\"><p>WettbewerbsjurorVorsitzender beim Wettbewerb der Stadt Wien, 1998Ideenkonkurrenz St\u00e4dtisches Wohnbauvorhaben 23; R\u00f6sslergasse<\/p><\/blockquote>\n<p>130 Wohnungen, mit einem Kundendienstzemtrum.<\/p>\n","protected":false},"excerpt":{"rendered":"<p>Auslober Wienerberger Baustoffindustrie.B\u00fcro, Einkaufs- und Hotelgeb\u00e4ude mit ca. 60.000 qm Nutzfl\u00e4che am S\u00fcdhang des &#8222;Wienerberges&#8220; &nbsp; des Auslobers: Chorherr &amp; Reiter, \u00d6kologische Bauprojekte,der &#8222;\u00d6sterreichischen Gr\u00fcnen, mit dem Ziel, musterg\u00fcltige st\u00e4dtische &#8220; \u00f6kologische &#8222;Niedrigenergie &#8211; Wohnbauten zu errichten. (inzwischen in Planung) ca. 100 Wohnungen, einem Partizipationsmodell, in der Steiermark. Amt der steierm\u00e4rkischen Landesregierung. &nbsp; Auftraggeber Stadt Wien.Das Verfahren war ein zweistufiges Gro\u00dfverfahren mit Wettbewerb, Expertengutachten, B\u00fcrgervotum, Studentenwettbewerb. Vorsitzender der Gesamtjury: T. Sieverts, Vorsitzender Teil A, Donauraum Wien: F. Waclawek, Vorsitzender Teil B, Stromlandschaft: O. Uhl, Vorsitzender Teil C, Staustufe: H. Czech \/ G.Peichl Senioren-Wohn- und Pflegeheim Sombartstrasse Auftraggeber Magistrat der Stadt Linz. &nbsp; Vorsitzender der Jury, 110 Projekte, 1998.Auftraggeber Stadt Wien. &nbsp; &nbsp; &nbsp; &nbsp; &nbsp; einem angestrebten Beitrag zur \u00d6KOLOGISCHEN STADTENTWICKLUNG;&#8220; einem Modell &#8211; Planungsverfahren im Rahmen der Stadterweiterung, gemeinsam mit den B\u00fcrgern &#8222;,als Einleitung eines &#8220; komplexen prozesshaften Planungsverfahrens &#8222;mit Spielr\u00e4umen an &#8220; nicht gesichert gewidmeten Fl\u00e4chen&#8220;,Vorsitzender G Peichl: ca.Auftraggeber Stadt Wien.2 500 Wohneinheiten , 60 ha. Nutzfl\u00e4che. &nbsp; offener Wettbewerb im deutschsprachigen Raum,f\u00fcr Architekten und Architekturstudenten, &nbsp; Ideenkonkurrenz St\u00e4dtisches Wohnbauvorhaben 12; Korbergasse &nbsp; &nbsp; &nbsp; 130 Wohnungen, mit einem Kundendienstzemtrum.<\/p>\n","protected":false},"author":1,"featured_media":0,"parent":0,"menu_order":0,"comment_status":"open","ping_status":"open","template":"","meta":[],"_links":{"self":[{"href":"https:\/\/www.waclawek.com\/index.php?rest_route=\/wp\/v2\/pages\/149"}],"collection":[{"href":"https:\/\/www.waclawek.com\/index.php?rest_route=\/wp\/v2\/pages"}],"about":[{"href":"https:\/\/www.waclawek.com\/index.php?rest_route=\/wp\/v2\/types\/page"}],"author":[{"embeddable":true,"href":"https:\/\/www.waclawek.com\/index.php?rest_route=\/wp\/v2\/users\/1"}],"replies":[{"embeddable":true,"href":"https:\/\/www.waclawek.com\/index.php?rest_route=%2Fwp%2Fv2%2Fcomments&post=149"}],"version-history":[{"count":16,"href":"https:\/\/www.waclawek.com\/index.php?rest_route=\/wp\/v2\/pages\/149\/revisions"}],"predecessor-version":[{"id":904,"href":"https:\/\/www.waclawek.com\/index.php?rest_route=\/wp\/v2\/pages\/149\/revisions\/904"}],"wp:attachment":[{"href":"https:\/\/www.waclawek.com\/index.php?rest_route=%2Fwp%2Fv2%2Fmedia&parent=149"}],"curies":[{"name":"wp","href":"https:\/\/api.w.org\/{rel}","templated":true}]}}