{"id":153,"date":"2013-09-11T01:17:38","date_gmt":"2013-09-10T23:17:38","guid":{"rendered":"https:\/\/www.waclawek.com\/?page_id=153"},"modified":"2013-09-27T16:22:27","modified_gmt":"2013-09-27T14:22:27","slug":"energie","status":"publish","type":"page","link":"https:\/\/www.waclawek.com\/?page_id=153","title":{"rendered":"Energie"},"content":{"rendered":"<p>Bei Einfamilienhaus- Planungen in Nieder\u00f6sterreich und Wien:<br \/>\n<span style=\"text-decoration: underline;\"> Nachhaltigkeit als ein Schwerpunkt der Entwurfst\u00e4tigkeit.<\/span><\/p>\n<h4>Forschungsauftr\u00e4ge<\/h4>\n<p>des Bundes und der Stadt Wien: energieeffiziente Bebauungsformen, Programm GOSOL, EDV-gest\u00fctzte rechnerische Bewertung und Simulation, 1997 \u2013 1998.<\/p>\n<h4>Vorsitzender der Jury &#8222;Zwei st\u00e4dtische \u00d6koh\u00e4user&#8220;<\/h4>\n<p>des Auslobers: Chorherr &amp; Reiter, \u00d6kologische Bauprojekte,der &#8222;\u00d6sterreichischen Gr\u00fcnen, mit dem Ziel, musterg\u00fcltige st\u00e4dtische&#8220; \u00f6kologische &#8222;Niedrigenergie &#8211; Wohnbauten zu errichten. (inzwischen in Planung)<\/p>\n<h4>Juror beim Passivhaus-Wettbewerb<\/h4>\n<p>der Firma Isorast,offener Wettbewerb im deutschsprachigen Raum,f\u00fcr Architekten und Architekturstudenten,<\/p>\n<h4>Energie &#8211; Pilotprojekt mit &#8222;Sozialer Innovation&#8220;<\/h4>\n<p>Wohnanlage; 8 H\u00e4user, 8.000 m2 Wohnfl\u00e4che; Als Wohnformen &#8211; Mix, mit Wohngemeinschaften f\u00fcr Alte und Behinderte, ca. 1.500 m2,mit &#8222;Sozialmanagement&#8220; im Rahmen eines betreuten Selbsthilfemodells, mit Servicestelle, Beratung&#8230;und Nutzung der Solarenergie, bauphysikalische Optimierung, dynamischer Simulation und Wirtschaftlichkeitsanalyse, netzgekoppelter Warmwasserbereitung, Saisonspeichertechnologie, Abwasserw\u00e4rmer\u00fcckgewinnung,Abw\u00e4rmer\u00fcckgewinnung aus der Wohnraumluft, Brauchwasserspeicherung&#8230;..und einer konstruktiven L\u00f6sung, die gr\u00f6\u00dftm\u00f6gliche Flexibilit\u00e4t anstrebt,unter Bedachtnahme auf Prim\u00e4rstruktur, Innenausbau, additive Elemente wie Loggien, Balkone,&#8220; geh\u00e4ngte &#8220; erschlie\u00dfende Verbindungsbauten.Wohnanlage; 2 Wohnh\u00e4user mit 20 Wohneinheiten;<\/p>\n<h4>Mitbestimmungsmodell mit Selbsthilfe \/ Selbstbau<\/h4>\n<p>bei Unterscheidung von Prim\u00e4r &#8211; und Ausbaukonstruktionauf der Basis eines Forschungsprojektes von o Univ. Prof. O. Uhl, in Partnerschaft mit diesem.<\/p>\n<h4><a title=\"HY3GEN \u2013 \u201cEin nachwachsendes Haus\u201d\" href=\"https:\/\/www.waclawek.com\/?page_id=814\">&#8222;Passivhaus&#8220;,HY3GEN-Ein nachwachsendes Haus<\/a><\/h4>\n<p>Haus der Zukunft,&#8220;Innovative Baukonzepte&#8220;<\/p>\n<h4><a title=\"Das 1. Wiener Passivhaus\" href=\"https:\/\/www.waclawek.com\/?page_id=942\">&#8222;Passivhaus&#8220;, in 1140 Wien, Anzbachgasse<\/a><\/h4>\n<p>Haus ohne Heizung, Energieverbrauch geringer als 15 KWh\/m\u00b2\/Jahr f\u00fcr Heizung und Warmwasser, Brauchwasser als Grauwasser,1998 und 1999. 1995 in der Lawies \/ Tullnerbach &#8211; N\u00d6.<\/p>\n<h4><a title=\"\u00d6KO-BILLA\" href=\"https:\/\/www.waclawek.com\/?page_id=1094\">\u00d6ko-Billa<\/a><\/h4>\n<p>als Versuch, allgemeine Anliegen und die Anliegen von Billa zu optimieren, Niedrigenergie-Standard, W\u00e4rmer\u00fcckgewinnung.<\/p>\n<h4><a title=\"DRUCKEREI MELK\" href=\"https:\/\/www.waclawek.com\/?page_id=1063\">Druckerei<\/a><\/h4>\n<p>nach Niedrigenergie-Grunds\u00e4tzen konzipiert,in Zusammenarbeit mit Herr o Prof Dr. techn. W. Ziesel.<\/p>\n","protected":false},"excerpt":{"rendered":"<p>Bei Einfamilienhaus- Planungen in Nieder\u00f6sterreich und Wien: Nachhaltigkeit als ein Schwerpunkt der Entwurfst\u00e4tigkeit. Forschungsauftr\u00e4ge des Bundes und der Stadt Wien: energieeffiziente Bebauungsformen, Programm GOSOL, EDV-gest\u00fctzte rechnerische Bewertung und Simulation, 1997 \u2013 1998. Vorsitzender der Jury &#8222;Zwei st\u00e4dtische \u00d6koh\u00e4user&#8220; des Auslobers: Chorherr &amp; Reiter, \u00d6kologische Bauprojekte,der &#8222;\u00d6sterreichischen Gr\u00fcnen, mit dem Ziel, musterg\u00fcltige st\u00e4dtische&#8220; \u00f6kologische &#8222;Niedrigenergie &#8211; Wohnbauten zu errichten. (inzwischen in Planung) Juror beim Passivhaus-Wettbewerb der Firma Isorast,offener Wettbewerb im deutschsprachigen Raum,f\u00fcr Architekten und Architekturstudenten, Energie &#8211; Pilotprojekt mit &#8222;Sozialer Innovation&#8220; Wohnanlage; 8 H\u00e4user, 8.000 m2 Wohnfl\u00e4che; Als Wohnformen &#8211; Mix, mit Wohngemeinschaften f\u00fcr Alte und Behinderte, ca. 1.500 m2,mit &#8222;Sozialmanagement&#8220; im Rahmen eines betreuten Selbsthilfemodells, mit Servicestelle, Beratung&#8230;und Nutzung der Solarenergie, bauphysikalische Optimierung, dynamischer Simulation und Wirtschaftlichkeitsanalyse, netzgekoppelter Warmwasserbereitung, Saisonspeichertechnologie, Abwasserw\u00e4rmer\u00fcckgewinnung,Abw\u00e4rmer\u00fcckgewinnung aus der Wohnraumluft, Brauchwasserspeicherung&#8230;..und einer konstruktiven L\u00f6sung, die gr\u00f6\u00dftm\u00f6gliche Flexibilit\u00e4t anstrebt,unter Bedachtnahme auf Prim\u00e4rstruktur, Innenausbau, additive Elemente wie Loggien, Balkone,&#8220; geh\u00e4ngte &#8220; erschlie\u00dfende Verbindungsbauten.Wohnanlage; 2 Wohnh\u00e4user mit 20 Wohneinheiten; Mitbestimmungsmodell mit Selbsthilfe \/ Selbstbau bei Unterscheidung von Prim\u00e4r &#8211; und Ausbaukonstruktionauf der Basis eines Forschungsprojektes von o Univ. Prof. O. Uhl, in Partnerschaft mit diesem. &#8222;Passivhaus&#8220;,HY3GEN-Ein nachwachsendes Haus Haus der Zukunft,&#8220;Innovative Baukonzepte&#8220; &#8222;Passivhaus&#8220;, in 1140 Wien, Anzbachgasse Haus ohne Heizung, Energieverbrauch geringer als 15 KWh\/m\u00b2\/Jahr f\u00fcr Heizung und Warmwasser, Brauchwasser als Grauwasser,1998 und 1999. 1995 in der Lawies \/ Tullnerbach &#8211; N\u00d6. \u00d6ko-Billa als Versuch, allgemeine Anliegen und die Anliegen von Billa zu optimieren, Niedrigenergie-Standard, W\u00e4rmer\u00fcckgewinnung. Druckerei nach Niedrigenergie-Grunds\u00e4tzen konzipiert,in Zusammenarbeit mit Herr o Prof Dr. techn. W. Ziesel.<\/p>\n","protected":false},"author":1,"featured_media":0,"parent":0,"menu_order":0,"comment_status":"open","ping_status":"open","template":"","meta":[],"_links":{"self":[{"href":"https:\/\/www.waclawek.com\/index.php?rest_route=\/wp\/v2\/pages\/153"}],"collection":[{"href":"https:\/\/www.waclawek.com\/index.php?rest_route=\/wp\/v2\/pages"}],"about":[{"href":"https:\/\/www.waclawek.com\/index.php?rest_route=\/wp\/v2\/types\/page"}],"author":[{"embeddable":true,"href":"https:\/\/www.waclawek.com\/index.php?rest_route=\/wp\/v2\/users\/1"}],"replies":[{"embeddable":true,"href":"https:\/\/www.waclawek.com\/index.php?rest_route=%2Fwp%2Fv2%2Fcomments&post=153"}],"version-history":[{"count":7,"href":"https:\/\/www.waclawek.com\/index.php?rest_route=\/wp\/v2\/pages\/153\/revisions"}],"predecessor-version":[{"id":1375,"href":"https:\/\/www.waclawek.com\/index.php?rest_route=\/wp\/v2\/pages\/153\/revisions\/1375"}],"wp:attachment":[{"href":"https:\/\/www.waclawek.com\/index.php?rest_route=%2Fwp%2Fv2%2Fmedia&parent=153"}],"curies":[{"name":"wp","href":"https:\/\/api.w.org\/{rel}","templated":true}]}}