{"id":46,"date":"2013-09-10T22:42:58","date_gmt":"2013-09-10T20:42:58","guid":{"rendered":"https:\/\/www.waclawek.com\/?page_id=46"},"modified":"2013-09-19T12:47:24","modified_gmt":"2013-09-19T10:47:24","slug":"veroeffentlichungen","status":"publish","type":"page","link":"https:\/\/www.waclawek.com\/?page_id=46","title":{"rendered":"Ver\u00f6ffentlichungen"},"content":{"rendered":"<h3><strong>F\u00fchrung\/Fahrt des Architekturzentrums Wien<\/strong><\/h3>\n<p>im Rahmen von Sonntags Architektur, Tour 22: Wohnbau 1920-1960-1990 (&#8222;Sun City&#8220;), auf Anfrage beim AZW.<\/p>\n<h3><strong>Die Presse, 17.04.1999<\/strong><\/h3>\n<p>Die Heizung ist nicht unbedingt notwendig:\u2028 <a title=\"Die Heizung ist nicht unbedingt notwendig: \u201cPassivh\u00e4user\u201d als \u00f6kologische Alternative\" href=\"https:\/\/www.waclawek.com\/?page_id=96\">&#8222;Passivh\u00e4user&#8220; als \u00f6kologische Alternative.<\/a><\/p>\n<h3>Sonnen-Zeitung 2\/97<\/h3>\n<p>Magazin des \u00f6sterreichischen Instituts f\u00fcr Baubiologie und \u00d6kologie, ISSN 9027-6637<\/p>\n<h3>Architektur in Nieder\u00f6sterreich<\/h3>\n<p>herausgegeben von &#8222;Orte Architekturnetzwerk Nieder\u00f6sterreich&#8220;, Ver\u00f6ffentlichung des Niedrigenergie-Hauses in Tullnerbach-Lawies, W. Zschokke, ISBN 3-7643-5746-0\/Basel, Boston, Berlin: Birkh\u00e4user, 1997.<br \/>\n\u2022\u00a0\u00a0 \u00a0Beton Zement\u20281996 Heft 4\/96 Baumanngasse &#8211; SunCity\u20281998 Sonderdruck, Seite 8+9 Haus Lawies<br \/>\n\u2022<br \/>\n\u2022\u00a0\u00a0 \u00a0N\u00d6 Gestalten\u20281996\/6 Haus Lawies<br \/>\n\u2022<br \/>\n\u2022\u00a0\u00a0 \u00a0Wiener Wohnbau, 1996\u2028Magistrat der Stadt Wien, MA 24\u2028Tendenzen und Mietermitbestimmung Beitrag Leberberg, flexibles Wohnen und Dokumentation der Bebauung Leberberg IIA, Haus C.<br \/>\n\u2022<br \/>\n\u2022\u00a0\u00a0 \u00a0Wohnbau aktuell, 1995\/96\u2028Magistrat der Stadt Wien, MA 24\u2028Wohnbauprojekt Baumanngasse &#8211; &#8222;Sun City&#8220;<br \/>\n\u2022<br \/>\n\u2022\u00a0\u00a0 \u00a0Wohnbau aktuell, 1995\/96\u2028Magistrat der Stadt Wien, MA 24\u2028Urbanit\u00e4t und Dichte &#8211; einige Anmerkungen zur Gr\u00fcnderzeit, zur &#8222;Neuen Gr\u00fcnderzeit&#8220; und Zielen, Zw\u00e4ngen und Trends.<br \/>\n\u2022<br \/>\n\u2022\u00a0\u00a0 \u00a0Stadtbauforum\u2028Initiator der Zeitung, die anl\u00e4\u00dflich der Stadtentwicklungsenquet 1989 erschien. Ver\u00f6ffentlichung des Beitrages: Zeit &#8211; Tends &#8211; Planung &#8211; Wandel &#8211; Politik &#8211; L\u00f6sungen<br \/>\n\u2022\u00a0\u00a0 \u00a0The Art of Civil Engineering\u2028Ingenieur &#8211; Bau &#8211; Kunst, ISBN Nr 39 010 36008 \/ 1989; Hrsg Wr. Akademiereihe Band Nr 26,von o. Prof. Dr. techn. WD. Ziesel, Einleitung C. Pruscha, mit Beitr\u00e4gen \u00fcber Spalt, Hollein, Peichl, Uhl, Holzbauer, Coop Himmelblau, Fonatti, Kurrent, Schweighofer, Krischanitz, Beitrag Waclawek auf Seite 126, 132, 142, 143, 321, usw.<br \/>\n\u2022<br \/>\n\u2022\u00a0\u00a0 \u00a0Bauforum 22\/1989\u2028Vorstellung der &#8222;Geometrischen Versuche &#8222;, aus der Zeit von 1966 bis 1989<br \/>\n\u2022<br \/>\n\u2022\u00a0\u00a0 \u00a0Ausstellung von Bauten und Entw\u00fcrfen, Wien 1986\u2028Galerie der BIK<br \/>\n\u2022<br \/>\n\u2022\u00a0\u00a0 \u00a0Architektur aktuell\u20281977 Heft 58,60,62\u20281978 Heft 65 und 68\u20281979 Heft 72 und 73\u20281980 Heft 78\u20281983 Heft 93\u20281988 Heft 126\u20281989 Kritischer Beitrag zum &#8222;Fachbeirat f\u00fcr Stadtplanung und Gestaltung&#8220;, mit Vorschl\u00e4gen zur k\u00fcnftigen Organisation.\u20281990 Heft 140 Haus Lainz\u20281991 Heft 141 Fachbeirat\u20281991 Heft 142 Zur Wiener Wohnbausituation<br \/>\n\u2022<br \/>\n\u2022\u00a0\u00a0 \u00a0Zeitschrift Wettbewerbe\u20281977 Heft 3\u20281978 Heft 7\u20281983 Heft 31\u20281989\u20281995 Heft 143\/144\u20281995 Heft 147\/148\u20281997 Heft 167\/168<br \/>\n\u2022<br \/>\n\u2022\u00a0\u00a0 \u00a0Bauen und Wohnen 1976: Junge Architekten in \u00d6sterreich\u2028mit Beitr\u00e4gen \u00fcber Hollein, Matzinger, Uhl, Puchhammer, Waclawek, Tesar, Szyskowitz-Kowalski, Missing Link \/ Krischanitz- Kapfinger, Coop Himmelblau, Holzbauer<br \/>\n\u2022<br \/>\n\u2022\u00a0\u00a0 \u00a0Symposion Bildende Kunst Wien 1975<br \/>\n\u2022<br \/>\n\u2022\u00a0\u00a0 \u00a0Bauwelt 1975\u2028Heft 40<br \/>\n\u2022<br \/>\n\u2022\u00a0\u00a0 \u00a0Texte zur Architektur<br \/>\n\u2022<br \/>\n\u2022\u00a0\u00a0 \u00a0Manifest, Norddeutscher Rundfunk. Sendung gemeinsam mit dem Dichter G. Jonke, 1973.<\/p>\n","protected":false},"excerpt":{"rendered":"<p>F\u00fchrung\/Fahrt des Architekturzentrums Wien im Rahmen von Sonntags Architektur, Tour 22: Wohnbau 1920-1960-1990 (&#8222;Sun City&#8220;), auf Anfrage beim AZW. Die Presse, 17.04.1999 Die Heizung ist nicht unbedingt notwendig:\u2028 &#8222;Passivh\u00e4user&#8220; als \u00f6kologische Alternative. Sonnen-Zeitung 2\/97 Magazin des \u00f6sterreichischen Instituts f\u00fcr Baubiologie und \u00d6kologie, ISSN 9027-6637 Architektur in Nieder\u00f6sterreich herausgegeben von &#8222;Orte Architekturnetzwerk Nieder\u00f6sterreich&#8220;, Ver\u00f6ffentlichung des Niedrigenergie-Hauses in Tullnerbach-Lawies, W. Zschokke, ISBN 3-7643-5746-0\/Basel, Boston, Berlin: Birkh\u00e4user, 1997. \u2022\u00a0\u00a0 \u00a0Beton Zement\u20281996 Heft 4\/96 Baumanngasse &#8211; SunCity\u20281998 Sonderdruck, Seite 8+9 Haus Lawies \u2022 \u2022\u00a0\u00a0 \u00a0N\u00d6 Gestalten\u20281996\/6 Haus Lawies \u2022 \u2022\u00a0\u00a0 \u00a0Wiener Wohnbau, 1996\u2028Magistrat der Stadt Wien, MA 24\u2028Tendenzen und Mietermitbestimmung Beitrag Leberberg, flexibles Wohnen und Dokumentation der Bebauung Leberberg IIA, Haus C. \u2022 \u2022\u00a0\u00a0 \u00a0Wohnbau aktuell, 1995\/96\u2028Magistrat der Stadt Wien, MA 24\u2028Wohnbauprojekt Baumanngasse &#8211; &#8222;Sun City&#8220; \u2022 \u2022\u00a0\u00a0 \u00a0Wohnbau aktuell, 1995\/96\u2028Magistrat der Stadt Wien, MA 24\u2028Urbanit\u00e4t und Dichte &#8211; einige Anmerkungen zur Gr\u00fcnderzeit, zur &#8222;Neuen Gr\u00fcnderzeit&#8220; und Zielen, Zw\u00e4ngen und Trends. \u2022 \u2022\u00a0\u00a0 \u00a0Stadtbauforum\u2028Initiator der Zeitung, die anl\u00e4\u00dflich der Stadtentwicklungsenquet 1989 erschien. Ver\u00f6ffentlichung des Beitrages: Zeit &#8211; Tends &#8211; Planung &#8211; Wandel &#8211; Politik &#8211; L\u00f6sungen \u2022\u00a0\u00a0 \u00a0The Art of Civil Engineering\u2028Ingenieur &#8211; Bau &#8211; Kunst, ISBN Nr 39 010 36008 \/ 1989; Hrsg Wr. Akademiereihe Band Nr 26,von o. Prof. Dr. techn. WD. Ziesel, Einleitung C. Pruscha, mit Beitr\u00e4gen \u00fcber Spalt, Hollein, Peichl, Uhl, Holzbauer, Coop Himmelblau, Fonatti, Kurrent, Schweighofer, Krischanitz, Beitrag Waclawek auf Seite 126, 132, 142, 143, 321, usw. \u2022 \u2022\u00a0\u00a0 \u00a0Bauforum 22\/1989\u2028Vorstellung der &#8222;Geometrischen Versuche &#8222;, aus der Zeit von 1966 bis 1989 \u2022 \u2022\u00a0\u00a0 \u00a0Ausstellung von Bauten und Entw\u00fcrfen, Wien 1986\u2028Galerie der BIK \u2022 \u2022\u00a0\u00a0 \u00a0Architektur aktuell\u20281977 Heft 58,60,62\u20281978 Heft 65 und 68\u20281979 Heft 72 und 73\u20281980 Heft 78\u20281983 Heft 93\u20281988 Heft 126\u20281989 Kritischer Beitrag zum &#8222;Fachbeirat f\u00fcr Stadtplanung und Gestaltung&#8220;, mit Vorschl\u00e4gen zur k\u00fcnftigen Organisation.\u20281990 Heft 140 Haus Lainz\u20281991 Heft 141 Fachbeirat\u20281991 Heft 142 Zur Wiener Wohnbausituation \u2022 \u2022\u00a0\u00a0 \u00a0Zeitschrift Wettbewerbe\u20281977 Heft 3\u20281978 Heft 7\u20281983 Heft 31\u20281989\u20281995 Heft 143\/144\u20281995 Heft 147\/148\u20281997 Heft 167\/168 \u2022 \u2022\u00a0\u00a0 \u00a0Bauen und Wohnen 1976: Junge Architekten in \u00d6sterreich\u2028mit Beitr\u00e4gen \u00fcber Hollein, Matzinger, Uhl, Puchhammer, Waclawek, Tesar, Szyskowitz-Kowalski, Missing Link \/ Krischanitz- Kapfinger, Coop Himmelblau, Holzbauer \u2022 \u2022\u00a0\u00a0 \u00a0Symposion Bildende Kunst Wien 1975 \u2022 \u2022\u00a0\u00a0 \u00a0Bauwelt 1975\u2028Heft 40 \u2022 \u2022\u00a0\u00a0 \u00a0Texte zur Architektur \u2022 \u2022\u00a0\u00a0 \u00a0Manifest, Norddeutscher Rundfunk. Sendung gemeinsam mit dem Dichter G. Jonke, 1973.<\/p>\n","protected":false},"author":1,"featured_media":0,"parent":0,"menu_order":3,"comment_status":"open","ping_status":"open","template":"","meta":[],"_links":{"self":[{"href":"https:\/\/www.waclawek.com\/index.php?rest_route=\/wp\/v2\/pages\/46"}],"collection":[{"href":"https:\/\/www.waclawek.com\/index.php?rest_route=\/wp\/v2\/pages"}],"about":[{"href":"https:\/\/www.waclawek.com\/index.php?rest_route=\/wp\/v2\/types\/page"}],"author":[{"embeddable":true,"href":"https:\/\/www.waclawek.com\/index.php?rest_route=\/wp\/v2\/users\/1"}],"replies":[{"embeddable":true,"href":"https:\/\/www.waclawek.com\/index.php?rest_route=%2Fwp%2Fv2%2Fcomments&post=46"}],"version-history":[{"count":29,"href":"https:\/\/www.waclawek.com\/index.php?rest_route=\/wp\/v2\/pages\/46\/revisions"}],"predecessor-version":[{"id":101,"href":"https:\/\/www.waclawek.com\/index.php?rest_route=\/wp\/v2\/pages\/46\/revisions\/101"}],"wp:attachment":[{"href":"https:\/\/www.waclawek.com\/index.php?rest_route=%2Fwp%2Fv2%2Fmedia&parent=46"}],"curies":[{"name":"wp","href":"https:\/\/api.w.org\/{rel}","templated":true}]}}