{"id":702,"date":"2013-09-17T20:20:52","date_gmt":"2013-09-17T18:20:52","guid":{"rendered":"https:\/\/www.waclawek.com\/?page_id=702"},"modified":"2013-09-19T13:43:09","modified_gmt":"2013-09-19T11:43:09","slug":"panikengasse-ganglbauergasse","status":"publish","type":"page","link":"https:\/\/www.waclawek.com\/?page_id=702","title":{"rendered":"PANIKENGASSE &#8211; GANGLBAUERGASSE"},"content":{"rendered":"<p><strong>Anschrift<\/strong><br \/>\nA-1160 Wien,<br \/>\nPanikengasse<\/p>\n<p><strong>Geb\u00e4udeart<\/strong><br \/>\nWohnbau &#8211; Baul\u00fcckenverbauung<\/p>\n<p><strong>Aufgabenstellung<\/strong><br \/>\nPassivhaus * Niedrigenergiehaus<br \/>\nDas Bestandsobjekt an der Panikengasse, ein Betrieb, sollte zu Passivhaus- Wohnen<br \/>\numgebaut werden und war zur EU- F\u00f6rderung vorgesehen;<br \/>\nwegen der Kontaminierung dieses\u00a0 Objektes wurde f\u00fcr einen Neubau entschieden.<\/p>\n<p><strong>F\u00f6rderung<\/strong><br \/>\nWohnbauf\u00f6rderung<\/p>\n<p><strong>Planung<\/strong><br \/>\nFritz Waclawek 2006<\/p>\n<p><strong>Konsulenten<\/strong><br \/>\nTragwerk: Vasko &amp; Partner<br \/>\nBauphysik: Dworak * Zivilingenieur f. techn. Physik<\/p>\n<p><strong>Fl\u00e4chen<\/strong><br \/>\nGrundst\u00fcck: 1.250m2, Wohnfl\u00e4che: 2.600m2<\/p>\n<p><strong>Widmung<\/strong><br \/>\nGB III<\/p>\n<p><strong>Baugrund<\/strong><br \/>\nOst \u2013 West- Orientierung<br \/>\nHanglage, Gef\u00e4lle nach Norden<br \/>\nZufahrt: direkt in die Tiefgarage<\/p>\n<p><strong>Geb\u00e4udebeschreibung<\/strong><br \/>\nflexible Grundrisse, differenziertes Wohnungsangebot<br \/>\nbegr\u00fcnte nutzbare D\u00e4cher, Sanierung und Begr\u00fcnung des Hofbereiches<br \/>\nDurchg\u00e4ngigkeit des Bauplatzes von der Ganglbauergasse zur Panikengasse<br \/>\n\u2022 NUTZUNG &#8211; Wohnen und Gesch\u00e4ft<\/p>\n<p><strong>Geb\u00e4udedaten<\/strong><br \/>\n34 Wohneinheiten, mit Gemeinschaftsr\u00e4umen,<br \/>\nKinderklo und Dusche beim Garten und am Dach, Waschk\u00fcchen usw.<\/p>\n<p><strong>Konstruktion<\/strong><br \/>\nSt\u00fctzenkonstruktion, ohne tragende Aussenw\u00e4nde<br \/>\nalle Wohnungen mit Loggien, Terrasse oder Balkone<br \/>\n\u2022 ENERGIE: Oberfl\u00e4chenoptimierung, Niedrigenergiestandard<\/p>\n<p><strong>Energie<\/strong><br \/>\nOberfl\u00e4chenoptimierung, Niedrigenergiestandard<\/p>\n","protected":false},"excerpt":{"rendered":"<p>Anschrift A-1160 Wien, Panikengasse Geb\u00e4udeart Wohnbau &#8211; Baul\u00fcckenverbauung Aufgabenstellung Passivhaus * Niedrigenergiehaus Das Bestandsobjekt an der Panikengasse, ein Betrieb, sollte zu Passivhaus- Wohnen umgebaut werden und war zur EU- F\u00f6rderung vorgesehen; wegen der Kontaminierung dieses\u00a0 Objektes wurde f\u00fcr einen Neubau entschieden. F\u00f6rderung Wohnbauf\u00f6rderung Planung Fritz Waclawek 2006 Konsulenten Tragwerk: Vasko &amp; Partner Bauphysik: Dworak * Zivilingenieur f. techn. Physik Fl\u00e4chen Grundst\u00fcck: 1.250m2, Wohnfl\u00e4che: 2.600m2 Widmung GB III Baugrund Ost \u2013 West- Orientierung Hanglage, Gef\u00e4lle nach Norden Zufahrt: direkt in die Tiefgarage Geb\u00e4udebeschreibung flexible Grundrisse, differenziertes Wohnungsangebot begr\u00fcnte nutzbare D\u00e4cher, Sanierung und Begr\u00fcnung des Hofbereiches Durchg\u00e4ngigkeit des Bauplatzes von der Ganglbauergasse zur Panikengasse \u2022 NUTZUNG &#8211; Wohnen und Gesch\u00e4ft Geb\u00e4udedaten 34 Wohneinheiten, mit Gemeinschaftsr\u00e4umen, Kinderklo und Dusche beim Garten und am Dach, Waschk\u00fcchen usw. Konstruktion St\u00fctzenkonstruktion, ohne tragende Aussenw\u00e4nde alle Wohnungen mit Loggien, Terrasse oder Balkone \u2022 ENERGIE: Oberfl\u00e4chenoptimierung, Niedrigenergiestandard Energie Oberfl\u00e4chenoptimierung, Niedrigenergiestandard<\/p>\n","protected":false},"author":1,"featured_media":0,"parent":0,"menu_order":0,"comment_status":"open","ping_status":"open","template":"","meta":[],"_links":{"self":[{"href":"https:\/\/www.waclawek.com\/index.php?rest_route=\/wp\/v2\/pages\/702"}],"collection":[{"href":"https:\/\/www.waclawek.com\/index.php?rest_route=\/wp\/v2\/pages"}],"about":[{"href":"https:\/\/www.waclawek.com\/index.php?rest_route=\/wp\/v2\/types\/page"}],"author":[{"embeddable":true,"href":"https:\/\/www.waclawek.com\/index.php?rest_route=\/wp\/v2\/users\/1"}],"replies":[{"embeddable":true,"href":"https:\/\/www.waclawek.com\/index.php?rest_route=%2Fwp%2Fv2%2Fcomments&post=702"}],"version-history":[{"count":5,"href":"https:\/\/www.waclawek.com\/index.php?rest_route=\/wp\/v2\/pages\/702\/revisions"}],"predecessor-version":[{"id":709,"href":"https:\/\/www.waclawek.com\/index.php?rest_route=\/wp\/v2\/pages\/702\/revisions\/709"}],"wp:attachment":[{"href":"https:\/\/www.waclawek.com\/index.php?rest_route=%2Fwp%2Fv2%2Fmedia&parent=702"}],"curies":[{"name":"wp","href":"https:\/\/api.w.org\/{rel}","templated":true}]}}