{"id":940,"date":"2013-09-19T09:49:52","date_gmt":"2013-09-19T07:49:52","guid":{"rendered":"https:\/\/www.waclawek.com\/?page_id=940"},"modified":"2013-09-25T10:03:09","modified_gmt":"2013-09-25T08:03:09","slug":"wiener-komfort-klima-haus","status":"publish","type":"page","link":"https:\/\/www.waclawek.com\/?page_id=940","title":{"rendered":"Wiener Klima Komfort Haus"},"content":{"rendered":"<p>PASSIVHAUS- BAUTR\u00c4GER- WETTBEWERB<\/p>\n<p><strong>Team<\/strong><br \/>\nHeimbau &#8211; Waclawek \u2013 Drexel \u2013 Porr \u2013 Vasko &#8211; Dworak<\/p>\n<p><strong>Anschrift<\/strong><br \/>\nWien 21; Kammelweg<\/p>\n<p><strong>Geb\u00e4udeart<\/strong><br \/>\nPassivhaus<\/p>\n<p><strong>Aufgabenstellung<\/strong><br \/>\nWiener Klima Komfort Haus<\/p>\n<p><strong>F\u00f6rderung<\/strong><br \/>\nWBFG<\/p>\n<p><strong>Planung<\/strong><br \/>\nArch.Dipl.-Ing. F. Waclawek 2002\/2003<\/p>\n<p><strong>Konsulenten<\/strong><br \/>\nTragwerk: Vasko<br \/>\nBauphysik: Dworak<br \/>\nEnergie: Hans Drexel<\/p>\n<p><strong>Kosten<\/strong><br \/>\nin 1000\u20ac -9.934 \/ 860 pro 1m2 Nettonutzfl\u00e4che<\/p>\n<p><strong>Fl\u00e4chen<\/strong><br \/>\nGrundst\u00fcck: 5.259 m\u00b2<br \/>\nWohnfl\u00e4che:6.500 m\u00b2<br \/>\nbebaute Fl\u00e4che:1995 m\u00b2<br \/>\nNettonutzfl\u00e4che 12.145 m\u00b2<br \/>\numbauter Raum \u00fcber Niveau 32.600 m\u00b3<br \/>\nbegr\u00fcnte Dachfl\u00e4che 890m\u00b2<\/p>\n<p><strong>Widmung<\/strong><br \/>\nStrukturgebiet<\/p>\n<p><strong>Baugrund<\/strong><br \/>\nHimmelsrichtung: S\u00fcden<br \/>\nTopografie: eben<br \/>\nVegetation \/ Baumbestand: gering<\/p>\n<p><strong>Geb\u00e4udebeschreibung<\/strong><br \/>\nOrientierung: N-S \/ O-W<br \/>\nBauk\u00f6rper L\u00f6sungstyp:<br \/>\nHallenerschliessung Flexibilit\u00e4t:<br \/>\nWohnungstypen felxibel w\u00e4hlbar:<br \/>\nbedarfsorientierte w\u00e4hlbare<br \/>\nWohnungstypologie<br \/>\nTageslicht auch in der Garage<br \/>\n\u201eInszenierung der Freizeit\u201c,<br \/>\nSchaffung einer orttypischen<br \/>\nNachbarschaft \/ \u201eMillieu\u201c die<br \/>\nrossz\u00fcgigen Erschlie\u00dfungshallen \/<br \/>\nR\u00e4ume sind geheizt und vielf\u00e4ltig<br \/>\nnutzbar:&gt;18\u00b0 auch im Winter<\/p>\n<p><strong>Nutzung<\/strong><br \/>\nNutzungsmix, Fill In von Wohnungstypen<\/p>\n<p><strong>Mitbestimmung<\/strong><br \/>\nGeb\u00e4udearten<br \/>\nkompakter Bauk\u00f6rper mit geheizter Erschliessungshalle<br \/>\nWohneinheiten: ca. 90&gt;BR&gt; Gemeinschaftsr\u00e4ume: ca. 500m2 &#8211; mit Dachg\u00e4rten, Sauna- Hobby und Schlechtwetter- Spielr\u00e4ume, Aufenthaltsr\u00e4ume f\u00fcr Vater &#8211; Mutter &#8211; Kind<br \/>\n\u00f6ffentliche und halboffene Freir\u00e4ume<\/p>\n<p><strong>Bauteile<\/strong><br \/>\nWand: Stahlbeton, Vorfertigung, mit Au\u00dfend\u00e4mmung; &#8222;Konstruktions- System Waclawek&#8220; f\u00fcr die thermisch Trennung im Bereich Keller &#8211; Wohnbau und Wohnbau &#8211; Dach<br \/>\nDach: begr\u00fcnt<br \/>\nLoggien und Balkone vor der Fassade abgeh\u00e4ngt<\/p>\n<p><strong>Energie<\/strong><br \/>\nSolarstrategie: Verlustminimierend<br \/>\nVerzicht auf Fernw\u00e4rme<br \/>\nOberfl\u00e4chenoptimierung<br \/>\nOberfl\u00e4chen-Volumenfaktor &#8211; Entwurfsg\u00fctezahl: 0,116 &#8211; Heizw\u00e4rmebedarf &#8211; Einstufung: 12,5 KWh\/m2\/a L\u00fcftung \/ Heizung \u00fcber W\u00e4rmepumpe und Erdkollektor Stromversorgung aller Ger\u00e4te \u00fcber Photovoltaim \u2013<br \/>\nsimulierter Deckungsgrad ca. 75 bis 100% Simulationsrechnung und Nachweis f\u00fcr s\u00e4mtliche extreme R\u00e4ume im Hinblick auf: Vermeidung sommerlicher \u00dcberhitzung und Einhaltung der Mindesttemperatur von 22\u00b0 auch bei extremer anhaltender K\u00e4lte.<\/p>\n","protected":false},"excerpt":{"rendered":"<p>PASSIVHAUS- BAUTR\u00c4GER- WETTBEWERB Team Heimbau &#8211; Waclawek \u2013 Drexel \u2013 Porr \u2013 Vasko &#8211; Dworak Anschrift Wien 21; Kammelweg Geb\u00e4udeart Passivhaus Aufgabenstellung Wiener Klima Komfort Haus F\u00f6rderung WBFG Planung Arch.Dipl.-Ing. F. Waclawek 2002\/2003 Konsulenten Tragwerk: Vasko Bauphysik: Dworak Energie: Hans Drexel Kosten in 1000\u20ac -9.934 \/ 860 pro 1m2 Nettonutzfl\u00e4che Fl\u00e4chen Grundst\u00fcck: 5.259 m\u00b2 Wohnfl\u00e4che:6.500 m\u00b2 bebaute Fl\u00e4che:1995 m\u00b2 Nettonutzfl\u00e4che 12.145 m\u00b2 umbauter Raum \u00fcber Niveau 32.600 m\u00b3 begr\u00fcnte Dachfl\u00e4che 890m\u00b2 Widmung Strukturgebiet Baugrund Himmelsrichtung: S\u00fcden Topografie: eben Vegetation \/ Baumbestand: gering Geb\u00e4udebeschreibung Orientierung: N-S \/ O-W Bauk\u00f6rper L\u00f6sungstyp: Hallenerschliessung Flexibilit\u00e4t: Wohnungstypen felxibel w\u00e4hlbar: bedarfsorientierte w\u00e4hlbare Wohnungstypologie Tageslicht auch in der Garage \u201eInszenierung der Freizeit\u201c, Schaffung einer orttypischen Nachbarschaft \/ \u201eMillieu\u201c die rossz\u00fcgigen Erschlie\u00dfungshallen \/ R\u00e4ume sind geheizt und vielf\u00e4ltig nutzbar:&gt;18\u00b0 auch im Winter Nutzung Nutzungsmix, Fill In von Wohnungstypen Mitbestimmung Geb\u00e4udearten kompakter Bauk\u00f6rper mit geheizter Erschliessungshalle Wohneinheiten: ca. 90&gt;BR&gt; Gemeinschaftsr\u00e4ume: ca. 500m2 &#8211; mit Dachg\u00e4rten, Sauna- Hobby und Schlechtwetter- Spielr\u00e4ume, Aufenthaltsr\u00e4ume f\u00fcr Vater &#8211; Mutter &#8211; Kind \u00f6ffentliche und halboffene Freir\u00e4ume Bauteile Wand: Stahlbeton, Vorfertigung, mit Au\u00dfend\u00e4mmung; &#8222;Konstruktions- System Waclawek&#8220; f\u00fcr die thermisch Trennung im Bereich Keller &#8211; Wohnbau und Wohnbau &#8211; Dach Dach: begr\u00fcnt Loggien und Balkone vor der Fassade abgeh\u00e4ngt Energie Solarstrategie: Verlustminimierend Verzicht auf Fernw\u00e4rme Oberfl\u00e4chenoptimierung Oberfl\u00e4chen-Volumenfaktor &#8211; Entwurfsg\u00fctezahl: 0,116 &#8211; Heizw\u00e4rmebedarf &#8211; Einstufung: 12,5 KWh\/m2\/a L\u00fcftung \/ Heizung \u00fcber W\u00e4rmepumpe und Erdkollektor Stromversorgung aller Ger\u00e4te \u00fcber Photovoltaim \u2013 simulierter Deckungsgrad ca. 75 bis 100% Simulationsrechnung und Nachweis f\u00fcr s\u00e4mtliche extreme R\u00e4ume im Hinblick auf: Vermeidung sommerlicher \u00dcberhitzung und Einhaltung der Mindesttemperatur von 22\u00b0 auch bei extremer anhaltender K\u00e4lte.<\/p>\n","protected":false},"author":1,"featured_media":0,"parent":0,"menu_order":0,"comment_status":"open","ping_status":"open","template":"","meta":[],"_links":{"self":[{"href":"https:\/\/www.waclawek.com\/index.php?rest_route=\/wp\/v2\/pages\/940"}],"collection":[{"href":"https:\/\/www.waclawek.com\/index.php?rest_route=\/wp\/v2\/pages"}],"about":[{"href":"https:\/\/www.waclawek.com\/index.php?rest_route=\/wp\/v2\/types\/page"}],"author":[{"embeddable":true,"href":"https:\/\/www.waclawek.com\/index.php?rest_route=\/wp\/v2\/users\/1"}],"replies":[{"embeddable":true,"href":"https:\/\/www.waclawek.com\/index.php?rest_route=%2Fwp%2Fv2%2Fcomments&post=940"}],"version-history":[{"count":5,"href":"https:\/\/www.waclawek.com\/index.php?rest_route=\/wp\/v2\/pages\/940\/revisions"}],"predecessor-version":[{"id":1041,"href":"https:\/\/www.waclawek.com\/index.php?rest_route=\/wp\/v2\/pages\/940\/revisions\/1041"}],"wp:attachment":[{"href":"https:\/\/www.waclawek.com\/index.php?rest_route=%2Fwp%2Fv2%2Fmedia&parent=940"}],"curies":[{"name":"wp","href":"https:\/\/api.w.org\/{rel}","templated":true}]}}