{"id":942,"date":"2013-09-19T09:51:53","date_gmt":"2013-09-19T07:51:53","guid":{"rendered":"https:\/\/www.waclawek.com\/?page_id=942"},"modified":"2013-09-19T10:01:58","modified_gmt":"2013-09-19T08:01:58","slug":"das-1-wiener-passivhaus","status":"publish","type":"page","link":"https:\/\/www.waclawek.com\/?page_id=942","title":{"rendered":"Das 1. Wiener Passivhaus"},"content":{"rendered":"<h3>FAMILIE COLETTE UND ING. MICHAEL MACHEK<\/h3>\n<h4>PASSIVHAUS<\/h4>\n<p><strong>Anschrift<\/strong><br \/>\nA-1140 Wien,<br \/>\nAnzbachg.36 \/ Merkurweg<\/p>\n<p><strong>Geb\u00e4udeart<\/strong><br \/>\nReihenhaus, als Kleinhaus f\u00fcr laut Bauordnung f\u00fcr Wien.<br \/>\nPassivhaus: gesundes Wohnen ohne Heizung.<\/p>\n<p><strong>Aufgabe<\/strong><br \/>\nZweifamilienhaus<\/p>\n<p><strong>Details<\/strong><br \/>\nInnovative Entwicklungen:<br \/>\n&#8222;Von der Attika bis zum Fundament&#8220;<\/p>\n<p><strong>F\u00f6rderung<\/strong><br \/>\nWohnbauf\u00f6rderung<\/p>\n<p><strong>Fertigstellung<\/strong><br \/>\n1999 &#8211; 2000<\/p>\n<p><strong>Planung<\/strong><br \/>\nArch.Dipl.-Ing. F. Waclawek<\/p>\n<p><strong>Konsulenten<\/strong><br \/>\nTragwerk:<br \/>\nZI f\u00fcr Bauwesen<br \/>\nDI Anton Harrer<br \/>\nTel.: ++43 (02732) 412 80<\/p>\n<p><strong>D\u00e4mmung:<\/strong><br \/>\nAustrotherm D\u00e4mmstoffe: johann.jandl@austrotherm.at<br \/>\nBaumit: www.baumit.com<\/p>\n<p><strong>Energie:<\/strong><br \/>\nHans Drexel<br \/>\noffice@drexel-weiss.at<br \/>\nwww.drexel-weiss.at<\/p>\n<p><strong>Fenster:<\/strong><br \/>\nSilber Fenster<br \/>\nsilberfenster@tap.at<br \/>\nwww.silberfenster.at<\/p>\n<p><strong>Bauleitung<\/strong><br \/>\nArch.Dipl.-Ing. F. Waclawek<\/p>\n<p><strong>Ausf\u00fchrende<\/strong><br \/>\nBaufirma H&amp;M Schmidt<\/p>\n<p><strong>Widmung<\/strong><br \/>\nBauklasse 1 g<\/p>\n<p><strong>Baugrund<\/strong><br \/>\nS\u00fcd-Hanglage<br \/>\nZugang: von der Strasse und vom hangseitigen Garten, in zwei Geschossen.<br \/>\nAusblick: weithin \u00fcber Wien und den Wienerwald<br \/>\nSt\u00f6rzonen: g\u00fcnstiger Bauplatz<\/p>\n<p><strong>Geb\u00e4ude<\/strong><br \/>\nL\u00f6sungstyp:<br \/>\nScheibenbauweise, r\u00e4umliche Flexibilit\u00e4t, keine tragenden Innenw\u00e4nde<\/p>\n<p><strong>Bauteile<\/strong><br \/>\n<span style=\"text-decoration: underline;\">Wandscheiben, tragend:<\/span><br \/>\nals Beton-Fertigteile<br \/>\n<span style=\"text-decoration: underline;\">D\u00e4mmung der W\u00e4nde:<\/span><br \/>\n26 cm; U-Wert 0,15<br \/>\n<span style=\"text-decoration: underline;\">Fundament:<\/span><br \/>\nPlatte, mit druckfester D\u00e4mmung zum Erdreich<br \/>\n<span style=\"text-decoration: underline;\">Dach:<\/span><br \/>\n37 cm; U-Wert 0,01<br \/>\neigens entwickeltes Duo-Dach, mit \u00fcberl\u00e4ufen und Absaugsystem<br \/>\n<span style=\"text-decoration: underline;\">Fenster-Kennwerte:<\/span><br \/>\ngepr\u00fcfter K-Wert f\u00fcr Rahmen und Glas = 0,65<br \/>\n<span style=\"text-decoration: underline;\">Besonderheit:<\/span><br \/>\nAlu-Vorsatzschale, b\u00fcndiger Einbau, farbige Profile<br \/>\n<span style=\"text-decoration: underline;\">Innenw\u00e4nde:<\/span><br \/>\nflexible Holzw\u00e4nde<br \/>\n<span style=\"text-decoration: underline;\">Beschattung:<\/span><br \/>\nthermisch getrennte Ausf\u00fchrung, Abh\u00e4ngung<\/p>\n<p><strong>Energie<\/strong><br \/>\nPassivhaus, verlustminimierende Strategie, Oberfl\u00e4chenoptimierung: Entwurfsg\u00fctezahl: 0,2938<br \/>\n&lt; 15 KWh\/m\u00b2\/a<br \/>\nDie Frischluft wird vom Garten, \u00fcber druckdicht verschweisste und in 1,3 m Tiefe verlegte PE-Rohre vom Garten angesaugt, \u00fcber eine W\u00e4rmepumpe temperiert und als Komfort-L\u00fcftung, mit K\u00fchlung im Sommer, in die R\u00e4ume geleitet.<\/p>\n<p><strong>Luftdichtekonzept, Winddichtheit:<\/strong><br \/>\nBlower Door-Test<\/p>\n<p>W\u00e4rmespeicherung \u00fcber Decken und W\u00e4nde<br \/>\nDas System stellt ohne Kollektoren 85 % des Brauchwassers zur Verf\u00fcgung<\/p>\n<p><strong>Fl\u00e4chen<\/strong><br \/>\nGrundst\u00fcck: 450 m\u00b2<br \/>\nWohnfl\u00e4che: 225 m\u00b2<br \/>\nbebaute Fl\u00e4che: 112 m\u00b2<\/p>\n<p><strong>Politik<\/strong><br \/>\nAusnahme von der Bausperre<\/p>\n<p><strong>Nachbarn<\/strong><br \/>\ngekuppelte Bauweise ist vorgeschrieben<\/p>\n<p><strong>Geb\u00e4udebeschreibung<\/strong><br \/>\nS\u00fcdorientierung der Wohnr\u00e4ume<br \/>\n<span style=\"text-decoration: underline;\">L\u00f6sungstyp:<\/span><br \/>\nseitliche Erschliessung, mit Stiegenaufzug.<br \/>\n<span style=\"text-decoration: underline;\">R\u00e4umlich:<\/span><br \/>\nals Geschoss &#8211; Grossraum, mit Nebenr\u00e4umen, konzipiert.<br \/>\n<span style=\"text-decoration: underline;\">Flexibilit\u00e4t:<\/span><br \/>\nkeine tragenden Innenw\u00e4nde.<br \/>\n<span style=\"text-decoration: underline;\">Baubiologie:<\/span><br \/>\nAusweichen mit den Schlafr\u00e4umen.<br \/>\n<span style=\"text-decoration: underline;\">Dachnutzung:<\/span><br \/>\nmit Dachterrasse,<br \/>\nausgebautem Dachraum.<br \/>\nGartenzugang hangseitig vom 1. Stock.<br \/>\nGartenzugang hangseitig vom 2. Stock \u00fcber eine &#8222;Br\u00fccke&#8220;<\/p>\n<p><strong>Eigenleistungen<\/strong><br \/>\nvorgesehen und durchgef\u00fchrt<\/p>\n<p><strong>Geb\u00e4udedaten<\/strong><br \/>\n2 Wohneinheiten, Gemeinschaftsr\u00e4ume im Dachgeschoss.<\/p>\n<p><strong>Konstruktion<\/strong><br \/>\nVorfertigung der tragenden W\u00e4nde.<br \/>\nVorfertigung der Decken als Hohldielendecken.<br \/>\nHolz als Innenverkleidung, vor der Elektro-Installationsebene.<\/p>\n","protected":false},"excerpt":{"rendered":"<p>FAMILIE COLETTE UND ING. MICHAEL MACHEK PASSIVHAUS Anschrift A-1140 Wien, Anzbachg.36 \/ Merkurweg Geb\u00e4udeart Reihenhaus, als Kleinhaus f\u00fcr laut Bauordnung f\u00fcr Wien. Passivhaus: gesundes Wohnen ohne Heizung. Aufgabe Zweifamilienhaus Details Innovative Entwicklungen: &#8222;Von der Attika bis zum Fundament&#8220; F\u00f6rderung Wohnbauf\u00f6rderung Fertigstellung 1999 &#8211; 2000 Planung Arch.Dipl.-Ing. F. Waclawek Konsulenten Tragwerk: ZI f\u00fcr Bauwesen DI Anton Harrer Tel.: ++43 (02732) 412 80 D\u00e4mmung: Austrotherm D\u00e4mmstoffe: johann.jandl@austrotherm.at Baumit: www.baumit.com Energie: Hans Drexel office@drexel-weiss.at www.drexel-weiss.at Fenster: Silber Fenster silberfenster@tap.at www.silberfenster.at Bauleitung Arch.Dipl.-Ing. F. Waclawek Ausf\u00fchrende Baufirma H&amp;M Schmidt Widmung Bauklasse 1 g Baugrund S\u00fcd-Hanglage Zugang: von der Strasse und vom hangseitigen Garten, in zwei Geschossen. Ausblick: weithin \u00fcber Wien und den Wienerwald St\u00f6rzonen: g\u00fcnstiger Bauplatz Geb\u00e4ude L\u00f6sungstyp: Scheibenbauweise, r\u00e4umliche Flexibilit\u00e4t, keine tragenden Innenw\u00e4nde Bauteile Wandscheiben, tragend: als Beton-Fertigteile D\u00e4mmung der W\u00e4nde: 26 cm; U-Wert 0,15 Fundament: Platte, mit druckfester D\u00e4mmung zum Erdreich Dach: 37 cm; U-Wert 0,01 eigens entwickeltes Duo-Dach, mit \u00fcberl\u00e4ufen und Absaugsystem Fenster-Kennwerte: gepr\u00fcfter K-Wert f\u00fcr Rahmen und Glas = 0,65 Besonderheit: Alu-Vorsatzschale, b\u00fcndiger Einbau, farbige Profile Innenw\u00e4nde: flexible Holzw\u00e4nde Beschattung: thermisch getrennte Ausf\u00fchrung, Abh\u00e4ngung Energie Passivhaus, verlustminimierende Strategie, Oberfl\u00e4chenoptimierung: Entwurfsg\u00fctezahl: 0,2938 &lt; 15 KWh\/m\u00b2\/a Die Frischluft wird vom Garten, \u00fcber druckdicht verschweisste und in 1,3 m Tiefe verlegte PE-Rohre vom Garten angesaugt, \u00fcber eine W\u00e4rmepumpe temperiert und als Komfort-L\u00fcftung, mit K\u00fchlung im Sommer, in die R\u00e4ume geleitet. Luftdichtekonzept, Winddichtheit: Blower Door-Test W\u00e4rmespeicherung \u00fcber Decken und W\u00e4nde Das System stellt ohne Kollektoren 85 % des Brauchwassers zur Verf\u00fcgung Fl\u00e4chen Grundst\u00fcck: 450 m\u00b2 Wohnfl\u00e4che: 225 m\u00b2 bebaute Fl\u00e4che: 112 m\u00b2 Politik Ausnahme von der Bausperre Nachbarn gekuppelte Bauweise ist vorgeschrieben Geb\u00e4udebeschreibung S\u00fcdorientierung der Wohnr\u00e4ume L\u00f6sungstyp: seitliche Erschliessung, mit Stiegenaufzug. R\u00e4umlich: als Geschoss &#8211; Grossraum, mit Nebenr\u00e4umen, konzipiert. Flexibilit\u00e4t: keine tragenden Innenw\u00e4nde. Baubiologie: Ausweichen mit den Schlafr\u00e4umen. Dachnutzung: mit Dachterrasse, ausgebautem Dachraum. Gartenzugang hangseitig vom 1. Stock. Gartenzugang hangseitig vom 2. Stock \u00fcber eine &#8222;Br\u00fccke&#8220; Eigenleistungen vorgesehen und durchgef\u00fchrt Geb\u00e4udedaten 2 Wohneinheiten, Gemeinschaftsr\u00e4ume im Dachgeschoss. Konstruktion Vorfertigung der tragenden W\u00e4nde. Vorfertigung der Decken als Hohldielendecken. Holz als Innenverkleidung, vor der Elektro-Installationsebene.<\/p>\n","protected":false},"author":1,"featured_media":0,"parent":0,"menu_order":0,"comment_status":"open","ping_status":"open","template":"","meta":[],"_links":{"self":[{"href":"https:\/\/www.waclawek.com\/index.php?rest_route=\/wp\/v2\/pages\/942"}],"collection":[{"href":"https:\/\/www.waclawek.com\/index.php?rest_route=\/wp\/v2\/pages"}],"about":[{"href":"https:\/\/www.waclawek.com\/index.php?rest_route=\/wp\/v2\/types\/page"}],"author":[{"embeddable":true,"href":"https:\/\/www.waclawek.com\/index.php?rest_route=\/wp\/v2\/users\/1"}],"replies":[{"embeddable":true,"href":"https:\/\/www.waclawek.com\/index.php?rest_route=%2Fwp%2Fv2%2Fcomments&post=942"}],"version-history":[{"count":4,"href":"https:\/\/www.waclawek.com\/index.php?rest_route=\/wp\/v2\/pages\/942\/revisions"}],"predecessor-version":[{"id":946,"href":"https:\/\/www.waclawek.com\/index.php?rest_route=\/wp\/v2\/pages\/942\/revisions\/946"}],"wp:attachment":[{"href":"https:\/\/www.waclawek.com\/index.php?rest_route=%2Fwp%2Fv2%2Fmedia&parent=942"}],"curies":[{"name":"wp","href":"https:\/\/api.w.org\/{rel}","templated":true}]}}